{"id":2439,"date":"2014-05-30T00:13:37","date_gmt":"2014-05-29T22:13:37","guid":{"rendered":"http:\/\/skodadent.com\/?page_id=2439"},"modified":"2025-07-29T07:21:48","modified_gmt":"2025-07-29T05:21:48","slug":"contact","status":"publish","type":"page","link":"https:\/\/skodadent.com\/en\/contact\/","title":{"rendered":"Contact"},"content":{"rendered":"<p>[et_pb_section fb_built=&#8221;1&#8243; fullwidth=&#8221;on&#8221; _builder_version=&#8221;4.16&#8243; global_colors_info=&#8221;{}&#8221;][et_pb_fullwidth_map address=&#8221;Hegedu\u0161i\u0107eva ul. 10, 51000, Rijeka, Croatia&#8221; zoom_level=&#8221;16&#8243; address_lat=&#8221;45.3424134&#8243; address_lng=&#8221;14.39547319999997&#8243; mouse_wheel=&#8221;off&#8221; _builder_version=&#8221;4.16&#8243; global_colors_info=&#8221;{}&#8221;][et_pb_map_pin title=&#8221;\u0160kodaDENT&#8221; pin_address=&#8221;Hegedu\u0161i\u0107eva ul. 10, 51000, Rijeka, Croatia&#8221; pin_address_lat=&#8221;45.3424134&#8243; pin_address_lng=&#8221;14.39547319999997&#8243; _builder_version=&#8221;3.0.47&#8243; global_colors_info=&#8221;{}&#8221;][\/et_pb_map_pin][\/et_pb_fullwidth_map][\/et_pb_section][et_pb_section fb_built=&#8221;1&#8243; custom_padding_last_edited=&#8221;on|desktop&#8221; module_class=&#8221;dc_main_contact_form_section dc_accordion_section&#8221; _builder_version=&#8221;4.16&#8243; background_color=&#8221;rgba(255,255,255,0)&#8221; custom_padding_tablet=&#8221;50px|0|50px|0&#8243; custom_padding_phone=&#8221;&#8221; transparent_background=&#8221;on&#8221; padding_mobile=&#8221;off&#8221; global_colors_info=&#8221;{}&#8221;][et_pb_row column_structure=&#8221;2_3,1_3&#8243; padding_mobile=&#8221;off&#8221; column_padding_mobile=&#8221;on&#8221; module_class=&#8221; et_pb_row_fullwidth&#8221; _builder_version=&#8221;4.16&#8243; background_size=&#8221;initial&#8221; background_position=&#8221;top_left&#8221; background_repeat=&#8221;repeat&#8221; width=&#8221;89%&#8221; width_tablet=&#8221;80%&#8221; width_phone=&#8221;&#8221; width_last_edited=&#8221;on|desktop&#8221; max_width=&#8221;89%&#8221; max_width_tablet=&#8221;80%&#8221; max_width_phone=&#8221;&#8221; max_width_last_edited=&#8221;on|desktop&#8221; make_fullwidth=&#8221;on&#8221; global_colors_info=&#8221;{}&#8221;][et_pb_column type=&#8221;2_3&#8243; _builder_version=&#8221;4.16&#8243; custom_padding=&#8221;|||&#8221; global_colors_info=&#8221;{}&#8221; custom_padding__hover=&#8221;|||&#8221;][et_pb_text admin_label=&#8221;GET IN TOUCH&#8221; _builder_version=&#8221;4.27.4&#8243; background_size=&#8221;initial&#8221; background_position=&#8221;top_left&#8221; background_repeat=&#8221;repeat&#8221; module_alignment=&#8221;left&#8221; hover_enabled=&#8221;0&#8243; use_border_color=&#8221;off&#8221; border_color=&#8221;#ffffff&#8221; border_style=&#8221;solid&#8221; global_colors_info=&#8221;{}&#8221; sticky_enabled=&#8221;0&#8243;]<\/p>\n<h2 class=\"dc_headline\" style=\"margin-left: 0;\">SCHEDULE AN APPOINTMENT FOR YOUR CHECK-UP<\/h2>\n<p>[\/et_pb_text][et_pb_text _builder_version=&#8221;4.27.4&#8243; background_size=&#8221;initial&#8221; background_position=&#8221;top_left&#8221; background_repeat=&#8221;repeat&#8221; module_alignment=&#8221;left&#8221; hover_enabled=&#8221;0&#8243; use_border_color=&#8221;off&#8221; border_color=&#8221;#ffffff&#8221; border_style=&#8221;solid&#8221; global_colors_info=&#8221;{}&#8221; sticky_enabled=&#8221;0&#8243;]Every day we offer few appointments for first visits and consultations which are available via this form.<br \/>\n1. Fill in all fields \/checkboxes  of form<br \/>\n2. In the message, specify the desired date and time of the appointment, and a brief reason for coming.<br \/>\n3. Check e-mail for the confirmation<br \/>\nConfirmation will be sent on the same day during business hours or at the latest the next working day.[\/et_pb_text][et_pb_code disabled_on=&#8221;off|off|off&#8221; admin_label=&#8221;cf7 code&#8221; _builder_version=&#8221;4.16&#8243; global_colors_info=&#8221;{}&#8221;]\n<div class=\"wpcf7 no-js\" id=\"wpcf7-f218808-o1\" lang=\"en-US\" dir=\"ltr\" data-wpcf7-id=\"218808\">\n<div class=\"screen-reader-response\"><p role=\"status\" aria-live=\"polite\" aria-atomic=\"true\"><\/p> <ul><\/ul><\/div>\n<form action=\"\/en\/wp-json\/wp\/v2\/pages\/2439#wpcf7-f218808-o1\" method=\"post\" class=\"wpcf7-form init wpcf7-acceptance-as-validation\" aria-label=\"Contact form\" enctype=\"multipart\/form-data\" novalidate=\"novalidate\" data-status=\"init\">\n<fieldset class=\"hidden-fields-container\"><input type=\"hidden\" name=\"_wpcf7\" value=\"218808\" \/><input type=\"hidden\" name=\"_wpcf7_version\" value=\"6.1.5\" \/><input type=\"hidden\" name=\"_wpcf7_locale\" value=\"en_US\" \/><input type=\"hidden\" name=\"_wpcf7_unit_tag\" value=\"wpcf7-f218808-o1\" \/><input type=\"hidden\" name=\"_wpcf7_container_post\" value=\"0\" \/><input type=\"hidden\" name=\"_wpcf7_posted_data_hash\" value=\"\" \/><input type=\"hidden\" name=\"_wpcf7_recaptcha_response\" value=\"\" \/>\n<\/fieldset>\n<p><script>\ndocument.addEventListener( 'wpcf7mailsent', function( event ) {\n location = 'https:\/\/skodadent.com\/en\/thank-you\/';\n}, false );\n<\/script>\n<\/p>\n<p class=\"dc_get_in_touch dc_contact_form_name_wrapper\"><span class=\"wpcf7-form-control-wrap\" data-name=\"your-name\"><input size=\"40\" maxlength=\"400\" class=\"wpcf7-form-control wpcf7-text wpcf7-validates-as-required\" aria-required=\"true\" aria-invalid=\"false\" placeholder=\"First Name*\" value=\"\" type=\"text\" name=\"your-name\" \/><\/span>\n<\/p>\n<p class=\"dc_get_in_touch dc_contact_form_name_wrapper\"><span class=\"wpcf7-form-control-wrap\" data-name=\"surname\"><input size=\"40\" maxlength=\"400\" class=\"wpcf7-form-control wpcf7-text wpcf7-validates-as-required\" aria-required=\"true\" aria-invalid=\"false\" placeholder=\"Last Name*\" value=\"\" type=\"text\" name=\"surname\" \/><\/span>\n<\/p>\n<p class=\"dc_get_in_touch dc_contact_form_email_wrapper\"><span class=\"wpcf7-form-control-wrap\" data-name=\"your-email\"><input size=\"40\" maxlength=\"400\" class=\"wpcf7-form-control wpcf7-email wpcf7-validates-as-required wpcf7-text wpcf7-validates-as-email\" aria-required=\"true\" aria-invalid=\"false\" placeholder=\"Email*\" value=\"\" type=\"email\" name=\"your-email\" \/><\/span>\n<\/p>\n<p class=\"dc_get_in_touch dc_contact_form_phone_wrapper\"><span class=\"wpcf7-form-control-wrap\" data-name=\"Contactnumber\"><input size=\"40\" maxlength=\"400\" class=\"wpcf7-form-control wpcf7-tel wpcf7-validates-as-required wpcf7-text wpcf7-validates-as-tel\" aria-required=\"true\" aria-invalid=\"false\" placeholder=\"Phone*\" value=\"\" type=\"tel\" name=\"Contactnumber\" \/><\/span>\n<\/p>\n<p class=\"dc_get_in_touch dc_contact_form_subject_wrapper\"><span class=\"wpcf7-form-control-wrap\" data-name=\"your-subject\"><input size=\"40\" maxlength=\"400\" class=\"wpcf7-form-control wpcf7-text\" aria-invalid=\"false\" placeholder=\"Subject\" value=\"\" type=\"text\" name=\"your-subject\" \/><\/span>\n<\/p>\n<p class=\"dc_get_in_touch dc_contact_form_textarea_wrapper\"><span class=\"wpcf7-form-control-wrap\" data-name=\"your-message\"><textarea cols=\"40\" rows=\"10\" maxlength=\"2000\" class=\"wpcf7-form-control wpcf7-textarea\" aria-invalid=\"false\" placeholder=\"Message\" name=\"your-message\"><\/textarea><\/span>\n<\/p>\n<p><span class=\"wpcf7-form-control-wrap\" data-name=\"acceptance-941\"><span class=\"wpcf7-form-control wpcf7-acceptance\"><span class=\"wpcf7-list-item\"><label><input type=\"checkbox\" name=\"acceptance-941\" value=\"1\" aria-invalid=\"false\" \/><span class=\"wpcf7-list-item-label\">I agree to the <a href= \"\/izjava-o-zastiti-privatnosti\">General terms of business<\/a>*<\/span><\/label><\/span><\/span><\/span><br \/>\n<span class=\"wpcf7-form-control-wrap\" data-name=\"acceptance-473\"><span class=\"wpcf7-form-control wpcf7-acceptance optional\"><span class=\"wpcf7-list-item\"><label><input type=\"checkbox\" name=\"acceptance-473\" value=\"1\" aria-invalid=\"false\" \/><span class=\"wpcf7-list-item-label\">I want to receive newsletter about promotions and discounts.<\/span><\/label><\/span><\/span><\/span>\n<\/p>\n<p><span class=\"wpcf7-form-control-wrap\" data-name=\"file-143\"><input size=\"40\" class=\"wpcf7-form-control wpcf7-file\" accept=\"audio\/*,video\/*,image\/*\" aria-invalid=\"false\" type=\"file\" name=\"file-143\" \/><\/span>\n<\/p>\n\n<p class=\"dc_get_in_touch_submit dc_contact_form_submit_wrapper\"><input class=\"wpcf7-form-control wpcf7-submit has-spinner\" type=\"submit\" value=\"Submit\" \/>\n<\/p><p style=\"display: none !important;\" class=\"akismet-fields-container\" data-prefix=\"_wpcf7_ak_\"><label>&#916;<textarea name=\"_wpcf7_ak_hp_textarea\" cols=\"45\" rows=\"8\" maxlength=\"100\"><\/textarea><\/label><input type=\"hidden\" id=\"ak_js_1\" name=\"_wpcf7_ak_js\" value=\"242\"\/><script>document.getElementById( \"ak_js_1\" ).setAttribute( \"value\", ( new Date() ).getTime() );<\/script><\/p><div class=\"wpcf7-response-output\" aria-hidden=\"true\"><\/div>\n<\/form>\n<\/div>\n[\/et_pb_code][et_pb_code disabled_on=&#8221;on|on|on&#8221; admin_label=&#8221;B24 code&#8221; _builder_version=&#8221;4.16&#8243; _module_preset=&#8221;default&#8221; disabled=&#8221;on&#8221; global_colors_info=&#8221;{}&#8221;]<\/p>\n<div id=\"bitrix_crm_form_container_6\"><\/div>\n<p><!-- [et_pb_line_break_holder] -->[add_bitrix_crm_form id=&#8221;38&#8243; sec=&#8221;1mdozn&#8221; node=&#8221;bitrix_crm_form_container_6&#8243; script_id=&#8221;6&#8243;][\/et_pb_code][et_pb_code disabled_on=&#8221;on|on|on&#8221; admin_label=&#8221;b24 code2&#8243; _builder_version=&#8221;4.16&#8243; _module_preset=&#8221;default&#8221; disabled=&#8221;on&#8221; global_colors_info=&#8221;{}&#8221;]<\/p>\n<div class=\"contact-form-bitrix24\"><!-- [et_pb_line_break_holder] -->  <script data-b24-form=\"inline\/38\/1mdozn\" data-skip-moving=\"true\"><!-- [et_pb_line_break_holder] -->      (function(w,d,u){<!-- [et_pb_line_break_holder] -->              var s=d.createElement('script');s.async=true;s.src=u+'?'+(Date.now()\/180000|0);<!-- [et_pb_line_break_holder] -->              var h=d.getElementsByTagName('script')[0];h.parentNode.insertBefore(s,h);<!-- [et_pb_line_break_holder] -->      })(window,document,'https:\/\/crm.skodadent.com\/upload\/crm\/form\/loader_38_1mdozn.js');<!-- [et_pb_line_break_holder] -->  <\/script><!-- [et_pb_line_break_holder] -->  <\/p>\n<div class=\"placeholder\"><\/div>\n<p><!-- [et_pb_line_break_holder] --><\/div>\n<p>[\/et_pb_code][et_pb_code disabled_on=&#8221;on|on|on&#8221; admin_label=&#8221;B24 code&#8221; _builder_version=&#8221;4.16&#8243; _module_preset=&#8221;default&#8221; disabled=&#8221;on&#8221; global_colors_info=&#8221;{}&#8221;]<script data-b24-form=\"inline\/38\/1mdozn\" data-skip-moving=\"true\"><!-- [et_pb_line_break_holder] -->        (function(w,d,u){<!-- [et_pb_line_break_holder] -->                var s=d.createElement('script');s.async=true;s.src=u+'?'+(Date.now()\/180000|0);<!-- [et_pb_line_break_holder] -->                var h=d.getElementsByTagName('script')[0];h.parentNode.insertBefore(s,h);<!-- [et_pb_line_break_holder] -->        })(window,document,'https:\/\/crm.skodadent.com\/upload\/crm\/form\/loader_38_1mdozn.js');<!-- [et_pb_line_break_holder] --><\/script>[\/et_pb_code][\/et_pb_column][et_pb_column type=&#8221;1_3&#8243; _builder_version=&#8221;4.16&#8243; custom_padding=&#8221;|||&#8221; global_colors_info=&#8221;{}&#8221; custom_padding__hover=&#8221;|||&#8221;][et_pb_text _builder_version=&#8221;4.16&#8243; background_size=&#8221;initial&#8221; background_position=&#8221;top_left&#8221; background_repeat=&#8221;repeat&#8221; module_alignment=&#8221;left&#8221; use_border_color=&#8221;off&#8221; border_color=&#8221;#ffffff&#8221; border_style=&#8221;solid&#8221; global_colors_info=&#8221;{}&#8221;]<\/p>\n<h3 class=\"dc_headline\" style=\"margin-left: 0;\">WORKING HOURS<\/h3>\n<p>[\/et_pb_text][et_pb_text _builder_version=&#8221;4.16&#8243; background_size=&#8221;initial&#8221; background_position=&#8221;top_left&#8221; background_repeat=&#8221;repeat&#8221; background_layout=&#8221;dark&#8221; module_alignment=&#8221;left&#8221; use_border_color=&#8221;off&#8221; global_colors_info=&#8221;{}&#8221;]<\/p>\n<p class=\"dc_time_paragraph\"><span class=\"dc_time_left\">MONDAY<\/span><span class=\"dc_time_right\">13:00 \u2013 20:30<\/span><\/p>\n<p class=\"dc_time_paragraph\"><span class=\"dc_time_left\">TUESDAY<\/span><span class=\"dc_time_right\">13:00 \u2013 20:30<\/span><\/p>\n<p class=\"dc_time_paragraph\"><span class=\"dc_time_left\">WEDNESDAY<\/span><span class=\"dc_time_right\">07:00 \u2013 14:30<\/span><\/p>\n<p class=\"dc_time_paragraph\"><span class=\"dc_time_left\">THURSDAY<\/span><span class=\"dc_time_right\">07:00 \u2013 14:30<\/span><\/p>\n<p class=\"dc_time_paragraph\"><span class=\"dc_time_left\">FRIDAY<\/span><span class=\"dc_time_right\">07:00 \u2013 14:30<\/span><\/p>\n<p class=\"dc_time_paragraph\"><span class=\"dc_time_left\">SATURDAY (3rd of the month)<\/span><span class=\"dc_time_right\">07:00 \u2013 14:30<\/span><\/p>\n<p class=\"dc_time_paragraph dc_visibility_none\"><span class=\"dc_time_left\">this is invisible<\/span><span class=\"dc_time_right\">9:30 am \u2013 3:30 pm<\/span><\/p>\n<p>[\/et_pb_text][et_pb_text admin_label=&#8221;CONTACT DETAILS&#8221; _builder_version=&#8221;4.16&#8243; background_size=&#8221;initial&#8221; background_position=&#8221;top_left&#8221; background_repeat=&#8221;repeat&#8221; module_alignment=&#8221;left&#8221; use_border_color=&#8221;off&#8221; border_color=&#8221;#ffffff&#8221; border_style=&#8221;solid&#8221; global_colors_info=&#8221;{}&#8221;]<\/p>\n<h2 class=\"dc_headline\" style=\"margin-left: 0;\">INFO<\/h2>\n<p>[\/et_pb_text][et_pb_accordion admin_label=&#8221;Contact Accordion&#8221; _builder_version=&#8221;4.27.4&#8243; use_border_color=&#8221;off&#8221; border_color=&#8221;#ffffff&#8221; border_style=&#8221;solid&#8221; global_colors_info=&#8221;{}&#8221;][et_pb_accordion_item title=&#8221;CONTACT&#8221; open=&#8221;off&#8221; _builder_version=&#8221;4.16&#8243; global_colors_info=&#8221;{}&#8221;]<\/p>\n<p class=\"dc_contact_paragraph_get_in_touch\">Phone: +385 51 263 766<\/p>\n<p class=\"dc_contact_paragraph_get_in_touch\">Mobile | Viber | Whatsupp: +385 99 471 7112<\/p>\n<p class=\"dc_contact_paragraph_get_in_touch\">Email: info@skodadent.com<\/p>\n<p class=\"dc_contact_paragraph_get_in_touch\">Address: Hegedusiceva 10, 51000 Rijeka, Croatia<\/p>\n<p class=\"dc_contact_paragraph_get_in_touch\">GPS: 45.342602, 14.395013<\/p>\n<p>[\/et_pb_accordion_item][et_pb_accordion_item title=&#8221;PAYMENT&#8221; _builder_version=&#8221;4.27.4&#8243; global_colors_info=&#8221;{}&#8221; open=&#8221;off&#8221;]<\/p>\n<p class=\"dc_contact_paragraph_get_in_touch\">Advance cash payment for offers over 300 \u20ac: discount 5%<\/p>\n<p class=\"dc_contact_paragraph_get_in_touch\">Payment in cash installments, without interests: orthodontic and implant therapies<\/p>\n<p class=\"dc_contact_paragraph_get_in_touch\">Credit cards: Maestro, Mastercard, Visa,  Diners<\/p>\n<p>[\/et_pb_accordion_item][et_pb_accordion_item title=&#8221;FIRST VISIT&#8221; _builder_version=&#8221;4.27.4&#8243; body_text_color=&#8221;#FFFFFF&#8221; global_colors_info=&#8221;{}&#8221; open=&#8221;on&#8221;]First visit \/ consultation includes:<\/p>\n<p class=\"dc_contact_paragraph_get_in_touch\">Dental examination<\/p>\n<p class=\"dc_contact_paragraph_get_in_touch\">Explanation of possible therapies<\/p>\n<p class=\"dc_contact_paragraph_get_in_touch\">Individual offer<\/p>\n<p>To make an individual offer, we need a recent panoramic x-ray or CBCT (made in the last 6 months). If you have it, be sure to take it with you to your first visit. If you don\u2019t have it, it can be done in our office:<\/p>\n<p class=\"dc_contact_paragraph_get_in_touch\">PANORAMIC &#8211; 40 \u20ac<\/p>\n<p class=\"dc_contact_paragraph_get_in_touch\">CBCT one jaw &#8211; 100 \u20ac<\/p>\n<p class=\"dc_contact_paragraph_get_in_touch\">CBCT two jaws &amp; PANORAMIC &#8211; 120 \u20ac<\/p>\n<p>[\/et_pb_accordion_item][\/et_pb_accordion][\/et_pb_column][\/et_pb_row][\/et_pb_section]<\/p>\n","protected":false},"excerpt":{"rendered":"<p>SCHEDULE AN APPOINTMENT FOR YOUR CHECK-UPEvery day we offer few appointments for first visits and consultations which are available via this form. 1. Fill in all fields \/checkboxes of form 2. In the message, specify the desired date and time of the appointment, and a brief reason for coming. 3. Check e-mail for the confirmation [&hellip;]<\/p>\n","protected":false},"author":8,"featured_media":0,"parent":0,"menu_order":0,"comment_status":"open","ping_status":"closed","template":"","meta":{"_seopress_robots_primary_cat":"","_seopress_titles_title":"Dentist in Rijeka - \u0160kodaDENT contact - online booking","_seopress_titles_desc":"Don't be shy. Contact us!","_seopress_robots_index":"","_et_pb_use_builder":"on","_et_pb_old_content":"","_et_gb_content_width":"","footnotes":""},"class_list":["post-2439","page","type-page","status-publish","hentry"],"_links":{"self":[{"href":"https:\/\/skodadent.com\/en\/wp-json\/wp\/v2\/pages\/2439","targetHints":{"allow":["GET"]}}],"collection":[{"href":"https:\/\/skodadent.com\/en\/wp-json\/wp\/v2\/pages"}],"about":[{"href":"https:\/\/skodadent.com\/en\/wp-json\/wp\/v2\/types\/page"}],"author":[{"embeddable":true,"href":"https:\/\/skodadent.com\/en\/wp-json\/wp\/v2\/users\/8"}],"replies":[{"embeddable":true,"href":"https:\/\/skodadent.com\/en\/wp-json\/wp\/v2\/comments?post=2439"}],"version-history":[{"count":11,"href":"https:\/\/skodadent.com\/en\/wp-json\/wp\/v2\/pages\/2439\/revisions"}],"predecessor-version":[{"id":345393,"href":"https:\/\/skodadent.com\/en\/wp-json\/wp\/v2\/pages\/2439\/revisions\/345393"}],"wp:attachment":[{"href":"https:\/\/skodadent.com\/en\/wp-json\/wp\/v2\/media?parent=2439"}],"curies":[{"name":"wp","href":"https:\/\/api.w.org\/{rel}","templated":true}]}}