{"id":2589,"date":"2014-05-30T00:13:37","date_gmt":"2014-05-29T22:13:37","guid":{"rendered":"http:\/\/skodadent.com\/?page_id=2589"},"modified":"2025-07-29T07:20:22","modified_gmt":"2025-07-29T05:20:22","slug":"contatto","status":"publish","type":"page","link":"https:\/\/skodadent.com\/it\/contatto\/","title":{"rendered":"Contatto"},"content":{"rendered":"<p>[et_pb_section fb_built=&#8221;1&#8243; fullwidth=&#8221;on&#8221; _builder_version=&#8221;4.16&#8243; global_colors_info=&#8221;{}&#8221;][et_pb_fullwidth_map address=&#8221;Hegedu\u0161i\u0107eva ul. 10, 51000, Rijeka, Croatia&#8221; zoom_level=&#8221;16&#8243; address_lat=&#8221;45.3424134&#8243; address_lng=&#8221;14.39547319999997&#8243; mouse_wheel=&#8221;off&#8221; _builder_version=&#8221;4.16&#8243; global_colors_info=&#8221;{}&#8221;][et_pb_map_pin title=&#8221;\u0160kodaDENT&#8221; pin_address=&#8221;Hegedu\u0161i\u0107eva ul. 10, 51000, Rijeka, Croatia&#8221; pin_address_lat=&#8221;45.3424134&#8243; pin_address_lng=&#8221;14.39547319999997&#8243; _builder_version=&#8221;3.0.47&#8243; global_colors_info=&#8221;{}&#8221;][\/et_pb_map_pin][\/et_pb_fullwidth_map][\/et_pb_section][et_pb_section fb_built=&#8221;1&#8243; custom_padding_last_edited=&#8221;on|desktop&#8221; module_class=&#8221;dc_main_contact_form_section dc_accordion_section&#8221; _builder_version=&#8221;4.16&#8243; background_color=&#8221;rgba(255,255,255,0)&#8221; custom_padding_tablet=&#8221;50px|0|50px|0&#8243; custom_padding_phone=&#8221;&#8221; transparent_background=&#8221;on&#8221; padding_mobile=&#8221;off&#8221; global_colors_info=&#8221;{}&#8221;][et_pb_row column_structure=&#8221;2_3,1_3&#8243; padding_mobile=&#8221;off&#8221; column_padding_mobile=&#8221;on&#8221; module_class=&#8221; et_pb_row_fullwidth&#8221; _builder_version=&#8221;4.16&#8243; background_size=&#8221;initial&#8221; background_position=&#8221;top_left&#8221; background_repeat=&#8221;repeat&#8221; width=&#8221;89%&#8221; width_tablet=&#8221;80%&#8221; width_phone=&#8221;&#8221; width_last_edited=&#8221;on|desktop&#8221; max_width=&#8221;89%&#8221; max_width_tablet=&#8221;80%&#8221; max_width_phone=&#8221;&#8221; max_width_last_edited=&#8221;on|desktop&#8221; make_fullwidth=&#8221;on&#8221; global_colors_info=&#8221;{}&#8221;][et_pb_column type=&#8221;2_3&#8243; _builder_version=&#8221;4.16&#8243; custom_padding=&#8221;|||&#8221; global_colors_info=&#8221;{}&#8221; custom_padding__hover=&#8221;|||&#8221;][et_pb_text admin_label=&#8221;GET IN TOUCH&#8221; _builder_version=&#8221;4.27.4&#8243; background_size=&#8221;initial&#8221; background_position=&#8221;top_left&#8221; background_repeat=&#8221;repeat&#8221; module_alignment=&#8221;left&#8221; hover_enabled=&#8221;0&#8243; use_border_color=&#8221;off&#8221; border_color=&#8221;#ffffff&#8221; border_style=&#8221;solid&#8221; global_colors_info=&#8221;{}&#8221; sticky_enabled=&#8221;0&#8243;]<\/p>\n<h2 class=\"dc_headline\" style=\"margin-left: 0;\">Prenota la visita<\/h2>\n<p>[\/et_pb_text][et_pb_text _builder_version=&#8221;4.27.4&#8243; background_size=&#8221;initial&#8221; background_position=&#8221;top_left&#8221; background_repeat=&#8221;repeat&#8221; module_alignment=&#8221;left&#8221; hover_enabled=&#8221;0&#8243; use_border_color=&#8221;off&#8221; border_color=&#8221;#ffffff&#8221; border_style=&#8221;solid&#8221; global_colors_info=&#8221;{}&#8221; sticky_enabled=&#8221;0&#8243;]Ogni giorno offriamo alcuni appuntamenti per le prime  visite e le consultazioni disponibili attraverso questo modulo.<br \/>\n1. Compila tutti i campi \/ caselle del modulo<br \/>\n2. Nel messaggio, specifica il giorno e l&#8217;ora desiderata e in breve il motivo della visita.<br \/>\n3. Controlla l&#8217;e-mail per la conferma della prenotazione<br \/>\nManderemo conferma il giorno stesso o non oltre il giorno lavorativo seguente.[\/et_pb_text][et_pb_code disabled_on=&#8221;off|off|off&#8221; admin_label=&#8221;cf7 code&#8221; _builder_version=&#8221;4.16&#8243; global_colors_info=&#8221;{}&#8221;]\n<div class=\"wpcf7 no-js\" id=\"wpcf7-f218810-o1\" lang=\"it-IT\" dir=\"ltr\" data-wpcf7-id=\"218810\">\n<div class=\"screen-reader-response\"><p role=\"status\" aria-live=\"polite\" aria-atomic=\"true\"><\/p> <ul><\/ul><\/div>\n<form action=\"\/it\/wp-json\/wp\/v2\/pages\/2589#wpcf7-f218810-o1\" method=\"post\" class=\"wpcf7-form init wpcf7-acceptance-as-validation\" aria-label=\"Modulo di contatto\" enctype=\"multipart\/form-data\" novalidate=\"novalidate\" data-status=\"init\">\n<fieldset class=\"hidden-fields-container\"><input type=\"hidden\" name=\"_wpcf7\" value=\"218810\" \/><input type=\"hidden\" name=\"_wpcf7_version\" value=\"6.1.5\" \/><input type=\"hidden\" name=\"_wpcf7_locale\" value=\"it_IT\" \/><input type=\"hidden\" name=\"_wpcf7_unit_tag\" value=\"wpcf7-f218810-o1\" \/><input type=\"hidden\" name=\"_wpcf7_container_post\" value=\"0\" \/><input type=\"hidden\" name=\"_wpcf7_posted_data_hash\" value=\"\" \/><input type=\"hidden\" name=\"_wpcf7_recaptcha_response\" value=\"\" \/>\n<\/fieldset>\n<p class=\"dc_get_in_touch dc_contact_form_name_wrapper\"><span class=\"wpcf7-form-control-wrap\" data-name=\"your-name\"><input size=\"40\" maxlength=\"400\" class=\"wpcf7-form-control wpcf7-text wpcf7-validates-as-required\" aria-required=\"true\" aria-invalid=\"false\" placeholder=\"Nome*\" value=\"\" type=\"text\" name=\"your-name\" \/><\/span>\n<\/p>\n<p class=\"dc_get_in_touch dc_contact_form_name_wrapper\"><span class=\"wpcf7-form-control-wrap\" data-name=\"surname\"><input size=\"40\" maxlength=\"400\" class=\"wpcf7-form-control wpcf7-text wpcf7-validates-as-required\" aria-required=\"true\" aria-invalid=\"false\" placeholder=\"Cognome*\" value=\"\" type=\"text\" name=\"surname\" \/><\/span>\n<\/p>\n<p class=\"dc_get_in_touch dc_contact_form_email_wrapper\"><span class=\"wpcf7-form-control-wrap\" data-name=\"your-email\"><input size=\"40\" maxlength=\"400\" class=\"wpcf7-form-control wpcf7-email wpcf7-validates-as-required wpcf7-text wpcf7-validates-as-email\" aria-required=\"true\" aria-invalid=\"false\" placeholder=\"Email*\" value=\"\" type=\"email\" name=\"your-email\" \/><\/span>\n<\/p>\n<p class=\"dc_get_in_touch dc_contact_form_phone_wrapper\"><span class=\"wpcf7-form-control-wrap\" data-name=\"Contactnumber\"><input size=\"40\" maxlength=\"400\" class=\"wpcf7-form-control wpcf7-tel wpcf7-validates-as-required wpcf7-text wpcf7-validates-as-tel\" aria-required=\"true\" aria-invalid=\"false\" placeholder=\"Telefono*\" value=\"\" type=\"tel\" name=\"Contactnumber\" \/><\/span>\n<\/p>\n<p class=\"dc_get_in_touch dc_contact_form_subject_wrapper\"><span class=\"wpcf7-form-control-wrap\" data-name=\"your-subject\"><input size=\"40\" maxlength=\"400\" class=\"wpcf7-form-control wpcf7-text\" aria-invalid=\"false\" placeholder=\"Soggetto\" value=\"\" type=\"text\" name=\"your-subject\" \/><\/span>\n<\/p>\n<p class=\"dc_get_in_touch dc_contact_form_textarea_wrapper\"><span class=\"wpcf7-form-control-wrap\" data-name=\"your-message\"><textarea cols=\"40\" rows=\"10\" maxlength=\"2000\" class=\"wpcf7-form-control wpcf7-textarea\" aria-invalid=\"false\" placeholder=\"Messaggio\" name=\"your-message\"><\/textarea><\/span>\n<\/p>\n<p><span class=\"wpcf7-form-control-wrap\" data-name=\"acceptance-941\"><span class=\"wpcf7-form-control wpcf7-acceptance\"><span class=\"wpcf7-list-item\"><label><input type=\"checkbox\" name=\"acceptance-941\" value=\"1\" aria-invalid=\"false\" \/><span class=\"wpcf7-list-item-label\">Accetto la <a href= \"\/izjava-o-zastiti-privatnosti\">Privacy Policy<\/a>*<\/span><\/label><\/span><\/span><\/span><br \/>\n<span class=\"wpcf7-form-control-wrap\" data-name=\"acceptance-383\"><span class=\"wpcf7-form-control wpcf7-acceptance optional\"><span class=\"wpcf7-list-item\"><label><input type=\"checkbox\" name=\"acceptance-383\" value=\"1\" aria-invalid=\"false\" \/><span class=\"wpcf7-list-item-label\">Voglio ricevere notizie sulle promozioni.<\/span><\/label><\/span><\/span><\/span>\n<\/p>\n<p><span class=\"wpcf7-form-control-wrap\" data-name=\"file-143\"><input size=\"40\" class=\"wpcf7-form-control wpcf7-file\" accept=\"audio\/*,video\/*,image\/*\" aria-invalid=\"false\" type=\"file\" name=\"file-143\" \/><\/span>\n<\/p>\n\n<p class=\"dc_get_in_touch_submit dc_contact_form_submit_wrapper\"><input class=\"wpcf7-form-control wpcf7-submit has-spinner\" type=\"submit\" value=\"Invia\" \/>\n<\/p><p style=\"display: none !important;\" class=\"akismet-fields-container\" data-prefix=\"_wpcf7_ak_\"><label>&#916;<textarea name=\"_wpcf7_ak_hp_textarea\" cols=\"45\" rows=\"8\" maxlength=\"100\"><\/textarea><\/label><input type=\"hidden\" id=\"ak_js_1\" name=\"_wpcf7_ak_js\" value=\"205\"\/><script>document.getElementById( \"ak_js_1\" ).setAttribute( \"value\", ( new Date() ).getTime() );<\/script><\/p><div class=\"wpcf7-response-output\" aria-hidden=\"true\"><\/div>\n<\/form>\n<\/div>\n[\/et_pb_code][et_pb_code disabled_on=&#8221;on|on|on&#8221; admin_label=&#8221;B24 code&#8221; _builder_version=&#8221;4.16&#8243; _module_preset=&#8221;default&#8221; disabled=&#8221;on&#8221; global_colors_info=&#8221;{}&#8221;]<\/p>\n<div id=\"bitrix_crm_form_container_6\"><\/div>\n<p><!-- [et_pb_line_break_holder] -->[add_bitrix_crm_form id=&#8221;38&#8243; sec=&#8221;1mdozn&#8221; node=&#8221;bitrix_crm_form_container_6&#8243; script_id=&#8221;6&#8243;][\/et_pb_code][et_pb_code disabled_on=&#8221;on|on|on&#8221; admin_label=&#8221;b24 code2&#8243; _builder_version=&#8221;4.16&#8243; _module_preset=&#8221;default&#8221; disabled=&#8221;on&#8221; global_colors_info=&#8221;{}&#8221;]<\/p>\n<div class=\"contact-form-bitrix24\"><!-- [et_pb_line_break_holder] -->  <script data-b24-form=\"inline\/38\/1mdozn\" data-skip-moving=\"true\"><!-- [et_pb_line_break_holder] -->      (function(w,d,u){<!-- [et_pb_line_break_holder] -->              var s=d.createElement('script');s.async=true;s.src=u+'?'+(Date.now()\/180000|0);<!-- [et_pb_line_break_holder] -->              var h=d.getElementsByTagName('script')[0];h.parentNode.insertBefore(s,h);<!-- [et_pb_line_break_holder] -->      })(window,document,'https:\/\/crm.skodadent.com\/upload\/crm\/form\/loader_38_1mdozn.js');<!-- [et_pb_line_break_holder] -->  <\/script><!-- [et_pb_line_break_holder] -->  <\/p>\n<div class=\"placeholder\"><\/div>\n<p><!-- [et_pb_line_break_holder] --><\/div>\n<p>[\/et_pb_code][et_pb_code disabled_on=&#8221;on|on|on&#8221; admin_label=&#8221;B24 code&#8221; _builder_version=&#8221;4.16&#8243; _module_preset=&#8221;default&#8221; disabled=&#8221;on&#8221; global_colors_info=&#8221;{}&#8221;]<script data-b24-form=\"inline\/38\/1mdozn\" data-skip-moving=\"true\"><!-- [et_pb_line_break_holder] -->        (function(w,d,u){<!-- [et_pb_line_break_holder] -->                var s=d.createElement('script');s.async=true;s.src=u+'?'+(Date.now()\/180000|0);<!-- [et_pb_line_break_holder] -->                var h=d.getElementsByTagName('script')[0];h.parentNode.insertBefore(s,h);<!-- [et_pb_line_break_holder] -->        })(window,document,'https:\/\/crm.skodadent.com\/upload\/crm\/form\/loader_38_1mdozn.js');<!-- [et_pb_line_break_holder] --><\/script>[\/et_pb_code][\/et_pb_column][et_pb_column type=&#8221;1_3&#8243; _builder_version=&#8221;4.16&#8243; custom_padding=&#8221;|||&#8221; global_colors_info=&#8221;{}&#8221; custom_padding__hover=&#8221;|||&#8221;][et_pb_text _builder_version=&#8221;4.16&#8243; background_size=&#8221;initial&#8221; background_position=&#8221;top_left&#8221; background_repeat=&#8221;repeat&#8221; module_alignment=&#8221;left&#8221; use_border_color=&#8221;off&#8221; border_color=&#8221;#ffffff&#8221; border_style=&#8221;solid&#8221; global_colors_info=&#8221;{}&#8221;]<\/p>\n<h3 class=\"dc_headline\" style=\"margin-left: 0;\">Orario di ufficio<\/h3>\n<p>[\/et_pb_text][et_pb_text _builder_version=&#8221;4.16&#8243; background_size=&#8221;initial&#8221; background_position=&#8221;top_left&#8221; background_repeat=&#8221;repeat&#8221; background_layout=&#8221;dark&#8221; module_alignment=&#8221;left&#8221; use_border_color=&#8221;off&#8221; global_colors_info=&#8221;{}&#8221;]<\/p>\n<p class=\"dc_time_paragraph\"><span class=\"dc_time_left\">LUNED\u00cc<\/span><span class=\"dc_time_right\">13:00 \u2013 20:30<\/span><\/p>\n<p class=\"dc_time_paragraph\"><span class=\"dc_time_left\">MARTED\u00cc<\/span><span class=\"dc_time_right\">13:00 \u2013 20:30<\/span><\/p>\n<p class=\"dc_time_paragraph\"><span class=\"dc_time_left\">MERCOLED\u00cc<\/span><span class=\"dc_time_right\">07:00 \u2013 14:30<\/span><\/p>\n<p class=\"dc_time_paragraph\"><span class=\"dc_time_left\">GIOVED\u00cc<\/span><span class=\"dc_time_right\">07:00 \u2013 14:30<\/span><\/p>\n<p class=\"dc_time_paragraph\"><span class=\"dc_time_left\">VENERD\u00cc<\/span><span class=\"dc_time_right\">07:00 \u2013 14:30<\/span><\/p>\n<p class=\"dc_time_paragraph\"><span class=\"dc_time_left\">SABATO (3\u00b0 del mese)<\/span><span class=\"dc_time_right\">07:00 \u2013 14:30<\/span><\/p>\n<p class=\"dc_time_paragraph dc_visibility_none\"><span class=\"dc_time_left\">this is invisible<\/span><span class=\"dc_time_right\">9:30 am \u2013 3:30 pm<\/span><\/p>\n<p>[\/et_pb_text][et_pb_text admin_label=&#8221;CONTACT DETAILS&#8221; _builder_version=&#8221;4.16&#8243; background_size=&#8221;initial&#8221; background_position=&#8221;top_left&#8221; background_repeat=&#8221;repeat&#8221; module_alignment=&#8221;left&#8221; use_border_color=&#8221;off&#8221; border_color=&#8221;#ffffff&#8221; border_style=&#8221;solid&#8221; global_colors_info=&#8221;{}&#8221;]<\/p>\n<h2 class=\"dc_headline\" style=\"margin-left: 0;\">INFO<\/h2>\n<p>[\/et_pb_text][et_pb_accordion admin_label=&#8221;Contact Accordion&#8221; _builder_version=&#8221;4.27.4&#8243; use_border_color=&#8221;off&#8221; border_color=&#8221;#ffffff&#8221; border_style=&#8221;solid&#8221; global_colors_info=&#8221;{}&#8221;][et_pb_accordion_item title=&#8221;CONTATTO&#8221; open=&#8221;off&#8221; _builder_version=&#8221;4.16&#8243; global_colors_info=&#8221;{}&#8221;]<\/p>\n<p class=\"dc_contact_paragraph_get_in_touch\">Telefono: + 385 51 263 766<\/p>\n<p class=\"dc_contact_paragraph_get_in_touch\">Cellulare <i class=\"fa fa-whatsapp\" aria-hidden=\"true\"><\/i> : + 385 99 471 7112<\/p>\n<p class=\"dc_contact_paragraph_get_in_touch\">Email: info@skodadent.com<\/p>\n<p class=\"dc_contact_paragraph_get_in_touch\">Indirizzo: Hegedu\u0161i\u0107eva 10, 51000 Rijeka HR<\/p>\n<p class=\"dc_contact_paragraph_get_in_touch\">GPS: 45.342602, 14.395013<\/p>\n<p>[\/et_pb_accordion_item][et_pb_accordion_item title=&#8221;PAGAMENTO&#8221; _builder_version=&#8221;4.27.4&#8243; global_colors_info=&#8221;{}&#8221; open=&#8221;off&#8221;]<\/p>\n<p class=\"dc_contact_paragraph_get_in_touch\">Aanticipo in contanti per i preventivi superiori a \u20ac 300 \u2013 sconto del 5%<\/p>\n<p class=\"dc_contact_paragraph_get_in_touch\">Pagamento in rate (contanti) fino la fine della terapia ortodontica &#8211; gratuitamente<\/p>\n<p class=\"dc_contact_paragraph_get_in_touch\">Carte di credito: Maestro, Mastercard, Visa,  Diners<\/p>\n<p>[\/et_pb_accordion_item][et_pb_accordion_item title=&#8221;PRIMA VISITA&#8221; _builder_version=&#8221;4.27.4&#8243; body_text_color=&#8221;#FFFFFF&#8221; global_colors_info=&#8221;{}&#8221; open=&#8221;on&#8221;]Prima visita e consultazione include:<\/p>\n<p class=\"dc_contact_paragraph_get_in_touch\">Evaluazione dentale<\/p>\n<p class=\"dc_contact_paragraph_get_in_touch\">Spiegazione della terapia<\/p>\n<p class=\"dc_contact_paragraph_get_in_touch\">Preventivo<\/p>\n<p>Per offrirLe una soluzione ottimale ai Suoi problemi, dovremmo poter analizzare le lastre della Sua mascella.<br \/>\nSe possiede una panoramica delle arcate dentali (ortopantomografia), oppure una TAC eseguita negli ultimi 6 mesi, ce la invii per e-mail. Altrimenti si pu\u00f2 fare da noi (\u20ac 40)<\/p>\n<p class=\"dc_contact_paragraph_get_in_touch\">ORTOPAN &#8211; 40 \u20ac<\/p>\n<p class=\"dc_contact_paragraph_get_in_touch\">CBCT una mascella &#8211; 100 \u20ac<\/p>\n<p class=\"dc_contact_paragraph_get_in_touch\">CBCT due mascelle &amp; ORTOPAN &#8211; 120 \u20ac<\/p>\n<p>[\/et_pb_accordion_item][\/et_pb_accordion][\/et_pb_column][\/et_pb_row][\/et_pb_section]<\/p>\n","protected":false},"excerpt":{"rendered":"<p>Prenota la visitaOgni giorno offriamo alcuni appuntamenti per le prime visite e le consultazioni disponibili attraverso questo modulo. 1. Compila tutti i campi \/ caselle del modulo 2. Nel messaggio, specifica il giorno e l&#8217;ora desiderata e in breve il motivo della visita. 3. Controlla l&#8217;e-mail per la conferma della prenotazione Manderemo conferma il giorno [&hellip;]<\/p>\n","protected":false},"author":8,"featured_media":0,"parent":0,"menu_order":0,"comment_status":"open","ping_status":"closed","template":"","meta":{"_seopress_robots_primary_cat":"","_seopress_titles_title":"Dentista a Fiume - \u0160kodaDENT Contatto","_seopress_titles_desc":"Contatto del studio Skodadent.","_seopress_robots_index":"","_et_pb_use_builder":"on","_et_pb_old_content":"","_et_gb_content_width":"","footnotes":""},"class_list":["post-2589","page","type-page","status-publish","hentry"],"_links":{"self":[{"href":"https:\/\/skodadent.com\/it\/wp-json\/wp\/v2\/pages\/2589","targetHints":{"allow":["GET"]}}],"collection":[{"href":"https:\/\/skodadent.com\/it\/wp-json\/wp\/v2\/pages"}],"about":[{"href":"https:\/\/skodadent.com\/it\/wp-json\/wp\/v2\/types\/page"}],"author":[{"embeddable":true,"href":"https:\/\/skodadent.com\/it\/wp-json\/wp\/v2\/users\/8"}],"replies":[{"embeddable":true,"href":"https:\/\/skodadent.com\/it\/wp-json\/wp\/v2\/comments?post=2589"}],"version-history":[{"count":9,"href":"https:\/\/skodadent.com\/it\/wp-json\/wp\/v2\/pages\/2589\/revisions"}],"predecessor-version":[{"id":345392,"href":"https:\/\/skodadent.com\/it\/wp-json\/wp\/v2\/pages\/2589\/revisions\/345392"}],"wp:attachment":[{"href":"https:\/\/skodadent.com\/it\/wp-json\/wp\/v2\/media?parent=2589"}],"curies":[{"name":"wp","href":"https:\/\/api.w.org\/{rel}","templated":true}]}}