{"id":2614,"date":"2014-05-30T20:36:28","date_gmt":"2014-05-30T18:36:28","guid":{"rendered":"http:\/\/skodadent.com\/?page_id=2614"},"modified":"2024-01-04T00:17:08","modified_gmt":"2024-01-03T23:17:08","slug":"piorrea","status":"publish","type":"page","link":"https:\/\/skodadent.com\/it\/piorrea\/","title":{"rendered":"Trattamento di Piorrea"},"content":{"rendered":"<p>[et_pb_section fb_built=&#8221;1&#8243; fullwidth=&#8221;on&#8221; custom_padding_last_edited=&#8221;on|desktop&#8221; _builder_version=&#8221;4.16&#8243; background_image=&#8221;https:\/\/skodadent.com\/wp-content\/uploads\/2018\/12\/rosesepia.jpg&#8221; custom_padding_tablet=&#8221;50px|0|50px|0&#8243; custom_padding_phone=&#8221;&#8221; transparent_background=&#8221;on&#8221; padding_mobile=&#8221;off&#8221; global_colors_info=&#8221;{}&#8221;][et_pb_fullwidth_header title=&#8221;%22Piorrea%22&#8243; subhead=&#8221;Hai un alito cativo??&#8221; subhead_font_color=&#8221;#ffffff&#8221; _builder_version=&#8221;4.16&#8243; title_font=&#8221;|700||on|||||&#8221; title_text_color=&#8221;#002649&#8243; content_font=&#8221;||||||||&#8221; subhead_font=&#8221;||||||||&#8221; subhead_text_color=&#8221;#002649&#8243; subhead_font_size=&#8221;20px&#8221; background_color=&#8221;rgba(255, 255, 255, 0)&#8221; button_one_letter_spacing_hover=&#8221;0&#8243; button_two_letter_spacing_hover=&#8221;0&#8243; global_colors_info=&#8221;{}&#8221; button_one_text_size__hover_enabled=&#8221;off&#8221; button_two_text_size__hover_enabled=&#8221;off&#8221; button_one_text_color__hover_enabled=&#8221;off&#8221; button_two_text_color__hover_enabled=&#8221;off&#8221; button_one_border_width__hover_enabled=&#8221;off&#8221; button_two_border_width__hover_enabled=&#8221;off&#8221; button_one_border_color__hover_enabled=&#8221;off&#8221; button_two_border_color__hover_enabled=&#8221;off&#8221; button_one_border_radius__hover_enabled=&#8221;off&#8221; button_two_border_radius__hover_enabled=&#8221;off&#8221; button_one_letter_spacing__hover_enabled=&#8221;on&#8221; button_one_letter_spacing__hover=&#8221;0&#8243; button_two_letter_spacing__hover_enabled=&#8221;on&#8221; button_two_letter_spacing__hover=&#8221;0&#8243; button_one_bg_color__hover_enabled=&#8221;off&#8221; button_two_bg_color__hover_enabled=&#8221;off&#8221; button_one_text_size__hover=&#8221;null&#8221; button_two_text_size__hover=&#8221;null&#8221; button_one_text_color__hover=&#8221;null&#8221; button_two_text_color__hover=&#8221;null&#8221; button_one_border_width__hover=&#8221;null&#8221; button_two_border_width__hover=&#8221;null&#8221; button_one_border_color__hover=&#8221;null&#8221; button_two_border_color__hover=&#8221;null&#8221; button_one_border_radius__hover=&#8221;null&#8221; button_two_border_radius__hover=&#8221;null&#8221; button_one_bg_color__hover=&#8221;null&#8221; button_two_bg_color__hover=&#8221;null&#8221;][\/et_pb_fullwidth_header][\/et_pb_section][et_pb_section fb_built=&#8221;1&#8243; custom_padding_last_edited=&#8221;on|desktop&#8221; admin_label=&#8221;section&#8221; _builder_version=&#8221;4.16&#8243; custom_padding_tablet=&#8221;50px|0|50px|0&#8243; custom_padding_phone=&#8221;&#8221; transparent_background=&#8221;off&#8221; padding_mobile=&#8221;off&#8221; global_colors_info=&#8221;{}&#8221;][et_pb_row column_structure=&#8221;2_3,1_3&#8243; padding_mobile=&#8221;off&#8221; column_padding_mobile=&#8221;on&#8221; admin_label=&#8221;row&#8221; _builder_version=&#8221;4.16&#8243; background_size=&#8221;initial&#8221; background_position=&#8221;top_left&#8221; background_repeat=&#8221;repeat&#8221; global_colors_info=&#8221;{}&#8221;][et_pb_column type=&#8221;2_3&#8243; _builder_version=&#8221;4.16&#8243; custom_padding=&#8221;|||&#8221; global_colors_info=&#8221;{}&#8221; custom_padding__hover=&#8221;|||&#8221;][et_pb_text _builder_version=&#8221;4.16&#8243; background_size=&#8221;initial&#8221; background_position=&#8221;top_left&#8221; background_repeat=&#8221;repeat&#8221; use_border_color=&#8221;off&#8221; border_style=&#8221;solid&#8221; global_colors_info=&#8221;{}&#8221;]<\/p>\n<h2 class=\"dc_headline\" style=\"margin-left: 0;\">La Piorrea cos&#8217;\u00e8?<\/h2>\n<p>[\/et_pb_text][et_pb_text _builder_version=&#8221;4.16&#8243; background_size=&#8221;initial&#8221; background_position=&#8221;top_left&#8221; background_repeat=&#8221;repeat&#8221; use_border_color=&#8221;off&#8221; border_color=&#8221;#ffffff&#8221; border_style=&#8221;solid&#8221; global_colors_info=&#8221;{}&#8221;]<\/p>\n<p>La piorrea \u00e8 molto frequente, al giorno d&#8217;oggi \u00e8 quasi impossibile  trovare una persona adulta che non ha sofferto di  qualche tipo di parodontite. Purtroppo, la consapevolezza della necessit\u00e0 di un trattamento tempestivo \u00e8 molto scarsa, e l&#8217;estrazione dei denti a causa del dondolio \u00e8 inevitabile.<br \/>\nLa piorrea \u00e8 un&#8217; infiammazione cronica del tessuto di sostegno dei denti causata da scarsa igiene orale, della placca e del tartaro, fumo, stress, restauri protesici inadeguati, posizione impropria dei denti, e la predisposizione genetica. L&#8217;emoragia e ritiro di gengive (gengivite) \u00e8 il primo segno della malattia, se non trattata, progredisce lungo la radice del dente devastando le fibre collegate  all&#8217;osso (parodontite). Il dente diventa mobile e nei casi pi\u00f9 gravi cade, accompagnato dal dolore e alito cattivo.<\/p>\n<p>[\/et_pb_text][et_pb_text _builder_version=&#8221;4.16&#8243; background_size=&#8221;initial&#8221; background_position=&#8221;top_left&#8221; background_repeat=&#8221;repeat&#8221; use_border_color=&#8221;off&#8221; border_style=&#8221;solid&#8221; global_colors_info=&#8221;{}&#8221;]<\/p>\n<h2 class=\"dc_headline\" style=\"margin-left: 0;\">Cura di piorrea<\/h2>\n<p>[\/et_pb_text][et_pb_text _builder_version=&#8221;4.16&#8243; background_size=&#8221;initial&#8221; background_position=&#8221;top_left&#8221; background_repeat=&#8221;repeat&#8221; use_border_color=&#8221;off&#8221; border_style=&#8221;solid&#8221; global_colors_info=&#8221;{}&#8221;]Il trattamento \u00e8 molto semplice ed economico, in quanto la terapia viene effettuata in una fase iniziale. Pulizia dettagliata e lucidatura dei denti gi\u00e0 dopo la prima visita d\u00e0 grandi risultati. Oltre alle istruzioni per una corretta igiene di solito risolve il problema letteralmente dall&#8217;oggi al domani. Purtroppo, spesso i primi segni della malattia vengono ignorati , causando tasche parodontali che richiedono una terapia ampia e di lungo periodo.<\/p>\n<p>Paradontologo specialista \u00e8 un importante membro della nostra squadra, perch\u00e9 in \u0160kodadent cerchiamo di salvare ogni dente prima di usare le pinze. Dopo aver completato la terapia, ci prendiamo cura del mantenimento di una costante salute parodontale, in modo da fornire un continuo richiamo a prezzi simbolici.<br \/>\n[\/et_pb_text][\/et_pb_column][et_pb_column type=&#8221;1_3&#8243; _builder_version=&#8221;4.16&#8243; custom_padding=&#8221;|||&#8221; global_colors_info=&#8221;{}&#8221; custom_padding__hover=&#8221;|||&#8221;][et_pb_team_member name=&#8221;Proff. Assoc. Davor Kui\u0161 DMD&#8221; position=&#8221;Specialista parodontologo&#8221; image_url=&#8221;https:\/\/skodadent.com\/wp-content\/uploads\/2024\/01\/kuis_davor-skodadent.jpg&#8221; module_class=&#8221;dc_team_member&#8221; _builder_version=&#8221;4.23.4&#8243; text_orientation=&#8221;center&#8221; link_option_url=&#8221;https:\/\/skodadent.com\/chi-siamo\/#davor\/&#8221; hover_enabled=&#8221;0&#8243; global_colors_info=&#8221;{}&#8221; sticky_enabled=&#8221;0&#8243; title_text=&#8221;kuis_davor-skodadent&#8221;][\/et_pb_team_member][et_pb_image src=&#8221;https:\/\/skodadent.com\/wp-content\/uploads\/2014\/07\/paradentoza.jpg&#8221; align=&#8221;center&#8221; align_tablet=&#8221;center&#8221; align_phone=&#8221;&#8221; align_last_edited=&#8221;on|desktop&#8221; _builder_version=&#8221;4.16&#8243; use_border_color=&#8221;off&#8221; border_color=&#8221;#ffffff&#8221; border_width=&#8221;1px&#8221; border_style=&#8221;solid&#8221; animation=&#8221;off&#8221; sticky=&#8221;off&#8221; global_colors_info=&#8221;{}&#8221;][\/et_pb_image][\/et_pb_column][\/et_pb_row][et_pb_row column_structure=&#8221;1_3,1_3,1_3&#8243; padding_mobile=&#8221;off&#8221; column_padding_mobile=&#8221;on&#8221; _builder_version=&#8221;4.16&#8243; background_size=&#8221;initial&#8221; background_position=&#8221;top_left&#8221; background_repeat=&#8221;repeat&#8221; global_colors_info=&#8221;{}&#8221;][et_pb_column type=&#8221;1_3&#8243; _builder_version=&#8221;4.16&#8243; custom_padding=&#8221;|||&#8221; global_colors_info=&#8221;{}&#8221; custom_padding__hover=&#8221;|||&#8221;][et_pb_image src=&#8221;https:\/\/skodadent.com\/wp-content\/uploads\/2014\/06\/ljuskice_skodadent1.jpg&#8221; align=&#8221;center&#8221; align_tablet=&#8221;center&#8221; align_phone=&#8221;&#8221; align_last_edited=&#8221;on|desktop&#8221; _builder_version=&#8221;4.16&#8243; use_border_color=&#8221;off&#8221; border_color=&#8221;#ffffff&#8221; border_width=&#8221;1px&#8221; border_style=&#8221;solid&#8221; animation=&#8221;off&#8221; sticky=&#8221;off&#8221; global_colors_info=&#8221;{}&#8221;][\/et_pb_image][\/et_pb_column][et_pb_column type=&#8221;1_3&#8243; _builder_version=&#8221;4.16&#8243; custom_padding=&#8221;|||&#8221; global_colors_info=&#8221;{}&#8221; custom_padding__hover=&#8221;|||&#8221;][et_pb_image src=&#8221;https:\/\/skodadent.com\/wp-content\/uploads\/2014\/07\/gingiva-lifting.jpg&#8221; align=&#8221;center&#8221; align_tablet=&#8221;center&#8221; align_phone=&#8221;&#8221; align_last_edited=&#8221;on|desktop&#8221; _builder_version=&#8221;4.16&#8243; use_border_color=&#8221;off&#8221; border_color=&#8221;#ffffff&#8221; border_width=&#8221;1px&#8221; border_style=&#8221;solid&#8221; animation=&#8221;off&#8221; sticky=&#8221;off&#8221; global_colors_info=&#8221;{}&#8221;][\/et_pb_image][\/et_pb_column][et_pb_column type=&#8221;1_3&#8243; _builder_version=&#8221;4.16&#8243; custom_padding=&#8221;|||&#8221; global_colors_info=&#8221;{}&#8221; custom_padding__hover=&#8221;|||&#8221;][et_pb_image src=&#8221;https:\/\/skodadent.com\/wp-content\/uploads\/2014\/07\/gingivoplastika.jpg&#8221; align=&#8221;center&#8221; align_tablet=&#8221;center&#8221; align_phone=&#8221;&#8221; align_last_edited=&#8221;on|desktop&#8221; _builder_version=&#8221;4.16&#8243; use_border_color=&#8221;off&#8221; border_color=&#8221;#ffffff&#8221; border_width=&#8221;1px&#8221; border_style=&#8221;solid&#8221; animation=&#8221;off&#8221; sticky=&#8221;off&#8221; global_colors_info=&#8221;{}&#8221;][\/et_pb_image][\/et_pb_column][\/et_pb_row][et_pb_row padding_mobile=&#8221;off&#8221; column_padding_mobile=&#8221;on&#8221; _builder_version=&#8221;4.16&#8243; background_size=&#8221;initial&#8221; background_position=&#8221;top_left&#8221; background_repeat=&#8221;repeat&#8221; custom_padding=&#8221;0px|||&#8221; global_colors_info=&#8221;{}&#8221;][et_pb_column type=&#8221;4_4&#8243; _builder_version=&#8221;4.16&#8243; custom_padding=&#8221;|||&#8221; global_colors_info=&#8221;{}&#8221; custom_padding__hover=&#8221;|||&#8221;][et_pb_text _builder_version=&#8221;4.16&#8243; text_font_size=&#8221;13&#8243; background_size=&#8221;initial&#8221; background_position=&#8221;top_left&#8221; background_repeat=&#8221;repeat&#8221; use_border_color=&#8221;off&#8221; border_style=&#8221;solid&#8221; global_colors_info=&#8221;{}&#8221;]Esempi di casi clinici del Prof. Assoc. Davor Kui\u0161, dr. med. dent. Specialista Parodontologo in Studio Skodadent[\/et_pb_text][\/et_pb_column][\/et_pb_row][\/et_pb_section][et_pb_section fb_built=&#8221;1&#8243; custom_padding_last_edited=&#8221;on|desktop&#8221; _builder_version=&#8221;4.16&#8243; background_color=&#8221;#f5f5f5&#8243; custom_padding_tablet=&#8221;50px|0|50px|0&#8243; custom_padding_phone=&#8221;&#8221; transparent_background=&#8221;off&#8221; padding_mobile=&#8221;off&#8221; global_colors_info=&#8221;{}&#8221;][et_pb_row padding_mobile=&#8221;off&#8221; column_padding_mobile=&#8221;on&#8221; _builder_version=&#8221;4.16&#8243; background_size=&#8221;initial&#8221; background_position=&#8221;top_left&#8221; background_repeat=&#8221;repeat&#8221; global_colors_info=&#8221;{}&#8221;][et_pb_column type=&#8221;4_4&#8243; _builder_version=&#8221;4.16&#8243; custom_padding=&#8221;|||&#8221; global_colors_info=&#8221;{}&#8221; custom_padding__hover=&#8221;|||&#8221;][et_pb_text _builder_version=&#8221;4.16&#8243; text_font=&#8221;Bree Serif||||&#8221; text_font_size=&#8221;45&#8243; background_size=&#8221;initial&#8221; background_position=&#8221;top_left&#8221; background_repeat=&#8221;repeat&#8221; use_border_color=&#8221;off&#8221; border_color=&#8221;#ffffff&#8221; border_style=&#8221;solid&#8221; saved_tabs=&#8221;all&#8221; global_colors_info=&#8221;{}&#8221;]<\/p>\n<h2 class=\"dc_headline\" style=\"margin-left: 0;\">Contattaci per qualsiasi dubbio!<\/h2>\n<p>[\/et_pb_text][et_pb_code _builder_version=&#8221;4.16&#8243; global_colors_info=&#8221;{}&#8221;]\n<div class=\"wpcf7 no-js\" id=\"wpcf7-f218810-o1\" lang=\"it-IT\" dir=\"ltr\" data-wpcf7-id=\"218810\">\n<div class=\"screen-reader-response\"><p role=\"status\" aria-live=\"polite\" aria-atomic=\"true\"><\/p> <ul><\/ul><\/div>\n<form action=\"\/it\/wp-json\/wp\/v2\/pages\/2614#wpcf7-f218810-o1\" method=\"post\" class=\"wpcf7-form init wpcf7-acceptance-as-validation\" aria-label=\"Modulo di contatto\" enctype=\"multipart\/form-data\" novalidate=\"novalidate\" data-status=\"init\">\n<fieldset class=\"hidden-fields-container\"><input type=\"hidden\" name=\"_wpcf7\" value=\"218810\" \/><input type=\"hidden\" name=\"_wpcf7_version\" value=\"6.1.5\" \/><input type=\"hidden\" name=\"_wpcf7_locale\" value=\"it_IT\" \/><input type=\"hidden\" name=\"_wpcf7_unit_tag\" value=\"wpcf7-f218810-o1\" \/><input type=\"hidden\" name=\"_wpcf7_container_post\" value=\"0\" \/><input type=\"hidden\" name=\"_wpcf7_posted_data_hash\" value=\"\" \/><input type=\"hidden\" name=\"_wpcf7_recaptcha_response\" value=\"\" \/>\n<\/fieldset>\n<p class=\"dc_get_in_touch dc_contact_form_name_wrapper\"><span class=\"wpcf7-form-control-wrap\" data-name=\"your-name\"><input size=\"40\" maxlength=\"400\" class=\"wpcf7-form-control wpcf7-text wpcf7-validates-as-required\" aria-required=\"true\" aria-invalid=\"false\" placeholder=\"Nome*\" value=\"\" type=\"text\" name=\"your-name\" \/><\/span>\n<\/p>\n<p class=\"dc_get_in_touch dc_contact_form_name_wrapper\"><span class=\"wpcf7-form-control-wrap\" data-name=\"surname\"><input size=\"40\" maxlength=\"400\" class=\"wpcf7-form-control wpcf7-text wpcf7-validates-as-required\" aria-required=\"true\" aria-invalid=\"false\" placeholder=\"Cognome*\" value=\"\" type=\"text\" name=\"surname\" \/><\/span>\n<\/p>\n<p class=\"dc_get_in_touch dc_contact_form_email_wrapper\"><span class=\"wpcf7-form-control-wrap\" data-name=\"your-email\"><input size=\"40\" maxlength=\"400\" class=\"wpcf7-form-control wpcf7-email wpcf7-validates-as-required wpcf7-text wpcf7-validates-as-email\" aria-required=\"true\" aria-invalid=\"false\" placeholder=\"Email*\" value=\"\" type=\"email\" name=\"your-email\" \/><\/span>\n<\/p>\n<p class=\"dc_get_in_touch dc_contact_form_phone_wrapper\"><span class=\"wpcf7-form-control-wrap\" data-name=\"Contactnumber\"><input size=\"40\" maxlength=\"400\" class=\"wpcf7-form-control wpcf7-tel wpcf7-validates-as-required wpcf7-text wpcf7-validates-as-tel\" aria-required=\"true\" aria-invalid=\"false\" placeholder=\"Telefono*\" value=\"\" type=\"tel\" name=\"Contactnumber\" \/><\/span>\n<\/p>\n<p class=\"dc_get_in_touch dc_contact_form_subject_wrapper\"><span class=\"wpcf7-form-control-wrap\" data-name=\"your-subject\"><input size=\"40\" maxlength=\"400\" class=\"wpcf7-form-control wpcf7-text\" aria-invalid=\"false\" placeholder=\"Soggetto\" value=\"\" type=\"text\" name=\"your-subject\" \/><\/span>\n<\/p>\n<p class=\"dc_get_in_touch dc_contact_form_textarea_wrapper\"><span class=\"wpcf7-form-control-wrap\" data-name=\"your-message\"><textarea cols=\"40\" rows=\"10\" maxlength=\"2000\" class=\"wpcf7-form-control wpcf7-textarea\" aria-invalid=\"false\" placeholder=\"Messaggio\" name=\"your-message\"><\/textarea><\/span>\n<\/p>\n<p><span class=\"wpcf7-form-control-wrap\" data-name=\"acceptance-941\"><span class=\"wpcf7-form-control wpcf7-acceptance\"><span class=\"wpcf7-list-item\"><label><input type=\"checkbox\" name=\"acceptance-941\" value=\"1\" aria-invalid=\"false\" \/><span class=\"wpcf7-list-item-label\">Accetto la <a href= \"\/izjava-o-zastiti-privatnosti\">Privacy Policy<\/a>*<\/span><\/label><\/span><\/span><\/span><br \/>\n<span class=\"wpcf7-form-control-wrap\" data-name=\"acceptance-383\"><span class=\"wpcf7-form-control wpcf7-acceptance optional\"><span class=\"wpcf7-list-item\"><label><input type=\"checkbox\" name=\"acceptance-383\" value=\"1\" aria-invalid=\"false\" \/><span class=\"wpcf7-list-item-label\">Voglio ricevere notizie sulle promozioni.<\/span><\/label><\/span><\/span><\/span>\n<\/p>\n<p><span class=\"wpcf7-form-control-wrap\" data-name=\"file-143\"><input size=\"40\" class=\"wpcf7-form-control wpcf7-file\" accept=\"audio\/*,video\/*,image\/*\" aria-invalid=\"false\" type=\"file\" name=\"file-143\" \/><\/span>\n<\/p>\n\n<p class=\"dc_get_in_touch_submit dc_contact_form_submit_wrapper\"><input class=\"wpcf7-form-control wpcf7-submit has-spinner\" type=\"submit\" value=\"Invia\" \/>\n<\/p><p style=\"display: none !important;\" class=\"akismet-fields-container\" data-prefix=\"_wpcf7_ak_\"><label>&#916;<textarea name=\"_wpcf7_ak_hp_textarea\" cols=\"45\" rows=\"8\" maxlength=\"100\"><\/textarea><\/label><input type=\"hidden\" id=\"ak_js_1\" name=\"_wpcf7_ak_js\" value=\"177\"\/><script>document.getElementById( \"ak_js_1\" ).setAttribute( \"value\", ( new Date() ).getTime() );<\/script><\/p><div class=\"wpcf7-response-output\" aria-hidden=\"true\"><\/div>\n<\/form>\n<\/div>\n[\/et_pb_code][\/et_pb_column][\/et_pb_row][\/et_pb_section]<\/p>\n","protected":false},"excerpt":{"rendered":"<p>La piorrea \u00e8 un&#8217; infiammazione cronica del tessuto di sostegno dei denti. La cura \u00e8 molto semplice e conveniente, in quanto la terapia viene effettuata in una fase iniziale<\/p>\n","protected":false},"author":8,"featured_media":3846,"parent":0,"menu_order":0,"comment_status":"open","ping_status":"closed","template":"","meta":{"_seopress_robots_primary_cat":"","_seopress_titles_title":"La piorrea si pu\u00f2 curare!","_seopress_titles_desc":"La piorrea si pu\u00f2 curare in Croazia a Studio Skodadent!","_seopress_robots_index":"","_et_pb_use_builder":"on","_et_pb_old_content":"","_et_gb_content_width":"","footnotes":""},"class_list":["post-2614","page","type-page","status-publish","has-post-thumbnail","hentry"],"_links":{"self":[{"href":"https:\/\/skodadent.com\/it\/wp-json\/wp\/v2\/pages\/2614","targetHints":{"allow":["GET"]}}],"collection":[{"href":"https:\/\/skodadent.com\/it\/wp-json\/wp\/v2\/pages"}],"about":[{"href":"https:\/\/skodadent.com\/it\/wp-json\/wp\/v2\/types\/page"}],"author":[{"embeddable":true,"href":"https:\/\/skodadent.com\/it\/wp-json\/wp\/v2\/users\/8"}],"replies":[{"embeddable":true,"href":"https:\/\/skodadent.com\/it\/wp-json\/wp\/v2\/comments?post=2614"}],"version-history":[{"count":3,"href":"https:\/\/skodadent.com\/it\/wp-json\/wp\/v2\/pages\/2614\/revisions"}],"predecessor-version":[{"id":296556,"href":"https:\/\/skodadent.com\/it\/wp-json\/wp\/v2\/pages\/2614\/revisions\/296556"}],"wp:featuredmedia":[{"embeddable":true,"href":"https:\/\/skodadent.com\/it\/wp-json\/wp\/v2\/media\/3846"}],"wp:attachment":[{"href":"https:\/\/skodadent.com\/it\/wp-json\/wp\/v2\/media?parent=2614"}],"curies":[{"name":"wp","href":"https:\/\/api.w.org\/{rel}","templated":true}]}}