{"id":2632,"date":"2014-06-04T11:20:35","date_gmt":"2014-06-04T09:20:35","guid":{"rendered":"http:\/\/skodadent.com\/?page_id=2632"},"modified":"2023-01-03T12:53:41","modified_gmt":"2023-01-03T11:53:41","slug":"radiografia","status":"publish","type":"page","link":"https:\/\/skodadent.com\/it\/radiografia\/","title":{"rendered":"Radiografia dentale"},"content":{"rendered":"<p>[et_pb_section fb_built=&#8221;1&#8243; fullwidth=&#8221;on&#8221; custom_padding_last_edited=&#8221;on|desktop&#8221; _builder_version=&#8221;4.16&#8243; use_background_color_gradient=&#8221;on&#8221; background_color_gradient_stops=&#8221;#8e793e 0%|#ad974f 100%&#8221; background_color_gradient_start=&#8221;#8e793e&#8221; background_color_gradient_end=&#8221;#ad974f&#8221; background_image=&#8221;https:\/\/skodadent.com\/wp-content\/uploads\/2018\/12\/luxury-1.jpg&#8221; background_blend=&#8221;screen&#8221; custom_padding_tablet=&#8221;50px|0|50px|0&#8243; custom_padding_phone=&#8221;&#8221; bottom_divider_color=&#8221;#ffffff&#8221; bottom_divider_height=&#8221;84px&#8221; transparent_background=&#8221;on&#8221; global_colors_info=&#8221;{}&#8221;][et_pb_fullwidth_header title=&#8221;Radiografia dentale&#8221; subhead=&#8221;La nostra panoramica ha la pi\u00f9 bassa dose possibile di radiazione che non viene considerata nociva.&#8221; subhead_font_color=&#8221;#ffffff&#8221; _builder_version=&#8221;4.16&#8243; title_font=&#8221;|700||on|||||&#8221; title_text_color=&#8221;#002649&#8243; content_font=&#8221;||||||||&#8221; subhead_font=&#8221;||||||||&#8221; subhead_text_color=&#8221;#002649&#8243; subhead_font_size=&#8221;20px&#8221; background_color=&#8221;rgba(255, 255, 255, 0)&#8221; button_one_letter_spacing_hover=&#8221;0&#8243; button_two_letter_spacing_hover=&#8221;0&#8243; locked=&#8221;off&#8221; global_colors_info=&#8221;{}&#8221; button_one_text_size__hover_enabled=&#8221;off&#8221; button_one_text_size__hover=&#8221;null&#8221; button_two_text_size__hover_enabled=&#8221;off&#8221; button_two_text_size__hover=&#8221;null&#8221; button_one_text_color__hover_enabled=&#8221;off&#8221; button_one_text_color__hover=&#8221;null&#8221; button_two_text_color__hover_enabled=&#8221;off&#8221; button_two_text_color__hover=&#8221;null&#8221; button_one_border_width__hover_enabled=&#8221;off&#8221; button_one_border_width__hover=&#8221;null&#8221; button_two_border_width__hover_enabled=&#8221;off&#8221; button_two_border_width__hover=&#8221;null&#8221; button_one_border_color__hover_enabled=&#8221;off&#8221; button_one_border_color__hover=&#8221;null&#8221; button_two_border_color__hover_enabled=&#8221;off&#8221; button_two_border_color__hover=&#8221;null&#8221; button_one_border_radius__hover_enabled=&#8221;off&#8221; button_one_border_radius__hover=&#8221;null&#8221; button_two_border_radius__hover_enabled=&#8221;off&#8221; button_two_border_radius__hover=&#8221;null&#8221; button_one_letter_spacing__hover_enabled=&#8221;on&#8221; button_one_letter_spacing__hover=&#8221;0&#8243; button_two_letter_spacing__hover_enabled=&#8221;on&#8221; button_two_letter_spacing__hover=&#8221;0&#8243; button_one_bg_color__hover_enabled=&#8221;off&#8221; button_one_bg_color__hover=&#8221;null&#8221; button_two_bg_color__hover_enabled=&#8221;off&#8221; button_two_bg_color__hover=&#8221;null&#8221;][\/et_pb_fullwidth_header][\/et_pb_section][et_pb_section fb_built=&#8221;1&#8243; _builder_version=&#8221;4.16&#8243; global_colors_info=&#8221;{}&#8221;][et_pb_row column_structure=&#8221;1_3,2_3&#8243; _builder_version=&#8221;4.16&#8243; background_size=&#8221;initial&#8221; background_position=&#8221;top_left&#8221; background_repeat=&#8221;repeat&#8221; global_colors_info=&#8221;{}&#8221;][et_pb_column type=&#8221;1_3&#8243; _builder_version=&#8221;4.16&#8243; custom_padding=&#8221;|||&#8221; global_colors_info=&#8221;{}&#8221; custom_padding__hover=&#8221;|||&#8221;][et_pb_image src=&#8221;https:\/\/skodadent.com\/wp-content\/uploads\/2022\/12\/dentalni-CT-300&#215;169.jpeg&#8221; alt=&#8221;TAC Dentale&#8221; title_text=&#8221;TAC Dentale&#8221; _builder_version=&#8221;4.19.4&#8243; _module_preset=&#8221;default&#8221; global_colors_info=&#8221;{}&#8221;][\/et_pb_image][\/et_pb_column][et_pb_column type=&#8221;2_3&#8243; _builder_version=&#8221;4.16&#8243; custom_padding=&#8221;|||&#8221; global_colors_info=&#8221;{}&#8221; custom_padding__hover=&#8221;|||&#8221;][et_pb_text _builder_version=&#8221;4.19.4&#8243; background_size=&#8221;initial&#8221; background_position=&#8221;top_left&#8221; background_repeat=&#8221;repeat&#8221; hover_enabled=&#8221;0&#8243; use_border_color=&#8221;off&#8221; border_color=&#8221;#ffffff&#8221; border_style=&#8221;solid&#8221; global_colors_info=&#8221;{}&#8221; sticky_enabled=&#8221;0&#8243;]<\/p>\n<h2 class=\"dc_headline\" style=\"margin-left: 0;\">TAC Dentale &#8211; Scansione 3D delle mascelle<\/h2>\n<p>La TAC Dentale (CBCT) ci consente di avere una visione tridimensionale pi\u00f9 dettagliata delle strutture anatomiche e svolge un ruolo chiave nella diagnostica, cos\u00ec come nell&#8217;implantologia e nella pianificazione ortodontica. A differenza di Panoramica, che \u00e8 bidimensionale, TAC Dentale  mostra l&#8217;osso in tutte e tre le dimensioni, cos\u00ec come la sua densit\u00e0. In questo modo possiamo rilevare processi patologici che possono rimanere nascosti nelle immagini 2D, nonch\u00e9 pianificare in dettaglio la posizione, la profondit\u00e0 e l&#8217;inclinazione degli impianti dentali. TAC viene utilizzato anche nella pianificazione ortodontica, soprattutto nei casi affollati, in cui decidiamo tra l&#8217;espansione dell&#8217;arcata dentale e l&#8217;estrazione dei denti.<\/p>\n<p>\u0160kodaDENT \u00e8 dotato di un moderno dispositivo <strong>TAC Digitale che emette la pi\u00f9 piccola dose di radiazioni.<\/strong> Il dispositivo pu\u00f2 produrre contemporaneamente scansioni 2D e 3D, quindi non \u00e8 necessaria alcuna scansione aggiuntiva. Pertanto, <strong>con una TAC di entrambe le mascelle offriamo ai nostri pazienti una panoramica GRATUITA<\/strong> .<\/p>\n<p>[\/et_pb_text][\/et_pb_column][\/et_pb_row][et_pb_row column_structure=&#8221;1_3,2_3&#8243; _builder_version=&#8221;4.16&#8243; background_size=&#8221;initial&#8221; background_position=&#8221;top_left&#8221; background_repeat=&#8221;repeat&#8221; global_colors_info=&#8221;{}&#8221;][et_pb_column type=&#8221;1_3&#8243; _builder_version=&#8221;4.16&#8243; custom_padding=&#8221;|||&#8221; global_colors_info=&#8221;{}&#8221; custom_padding__hover=&#8221;|||&#8221;][et_pb_image src=&#8221;https:\/\/skodadent.com\/wp-content\/uploads\/2014\/06\/panoramska_snimka_skodadent.jpg&#8221; align=&#8221;center&#8221; force_fullwidth=&#8221;on&#8221; align_tablet=&#8221;center&#8221; align_phone=&#8221;&#8221; align_last_edited=&#8221;on|desktop&#8221; _builder_version=&#8221;4.16&#8243; animation=&#8221;off&#8221; sticky=&#8221;off&#8221; use_border_color=&#8221;off&#8221; border_color=&#8221;#ffffff&#8221; border_style=&#8221;solid&#8221; global_colors_info=&#8221;{}&#8221;][\/et_pb_image][\/et_pb_column][et_pb_column type=&#8221;2_3&#8243; _builder_version=&#8221;4.16&#8243; custom_padding=&#8221;|||&#8221; global_colors_info=&#8221;{}&#8221; custom_padding__hover=&#8221;|||&#8221;][et_pb_text _builder_version=&#8221;4.19.4&#8243; background_size=&#8221;initial&#8221; background_position=&#8221;top_left&#8221; background_repeat=&#8221;repeat&#8221; use_border_color=&#8221;off&#8221; border_color=&#8221;#ffffff&#8221; border_style=&#8221;solid&#8221; global_colors_info=&#8221;{}&#8221;]<\/p>\n<h2 class=\"dc_headline\" style=\"margin-left: 0;\">Ortopantomografia digitale<\/h2>\n<p>Ortopantomografia digitale nota come ortopantomogramma o lastra panoramica visualizza contemporaneamente i denti della mascella superiore e inferiore con tessuti e strutture circostanti. E&#8217; considerat a come metodo diagnostico primario permettendo una visione globale dello stato dei denti e come guida al primo esame. E&#8217; obbligatorio nella pianificazione del trattamento protesico in ortodonzia e chirurgia orale al momento del posizionamento degli impianti o l&#8217;estrazione dei denti non emersi. Ortopantomogramma puo&#8217; essere eseguito su bambini perch\u00e9 \u00e8 adatto alle piccole quantit\u00e0 di radiazioni. Le uniche da escludere sono le donne in gravidanza, soprattutto nel primo trimestre. In Skodadent usiamo l&#8217;ultima tecnologia digitale, quindi il nostro X-ray ha la pi\u00f9 bassa dose possibile di radiazione che non viene considerata nociva.[\/et_pb_text][\/et_pb_column][\/et_pb_row][et_pb_row column_structure=&#8221;1_3,2_3&#8243; _builder_version=&#8221;4.16&#8243; background_size=&#8221;initial&#8221; background_position=&#8221;top_left&#8221; background_repeat=&#8221;repeat&#8221; global_colors_info=&#8221;{}&#8221;][et_pb_column type=&#8221;1_3&#8243; _builder_version=&#8221;4.16&#8243; custom_padding=&#8221;|||&#8221; global_colors_info=&#8221;{}&#8221; custom_padding__hover=&#8221;|||&#8221;][et_pb_image src=&#8221;https:\/\/skodadent.com\/wp-content\/uploads\/2014\/06\/retroalveolarna_snimka_skodadent.jpg&#8221; align=&#8221;center&#8221; align_tablet=&#8221;center&#8221; align_phone=&#8221;&#8221; align_last_edited=&#8221;on|desktop&#8221; _builder_version=&#8221;4.16&#8243; animation=&#8221;off&#8221; sticky=&#8221;off&#8221; use_border_color=&#8221;off&#8221; border_color=&#8221;#ffffff&#8221; border_style=&#8221;solid&#8221; global_colors_info=&#8221;{}&#8221;][\/et_pb_image][\/et_pb_column][et_pb_column type=&#8221;2_3&#8243; _builder_version=&#8221;4.16&#8243; custom_padding=&#8221;|||&#8221; global_colors_info=&#8221;{}&#8221; custom_padding__hover=&#8221;|||&#8221;][et_pb_text _builder_version=&#8221;4.19.4&#8243; background_size=&#8221;initial&#8221; background_position=&#8221;top_left&#8221; background_repeat=&#8221;repeat&#8221; use_border_color=&#8221;off&#8221; border_color=&#8221;#ffffff&#8221; border_style=&#8221;solid&#8221; global_colors_info=&#8221;{}&#8221;]<\/p>\n<h2 class=\"dc_headline\" style=\"margin-left: 0;\">Radiografia retroalveolare<\/h2>\n<p>Radiografia retroalveolare (una piccola lastra del dente)  mostra diversi denti e l&#8217;osso circostante. Viene utilizzata quando \u00e8 necessario per dare una panoramica dettagliata e completa di un particolare dente. La registrazione \u00e8 visibile su tutto il dente dalla corona alla radice e l&#8217;osso intorno all&#8217;apice. Buona visibilit\u00e0 della zona intorno all&#8217;apice \u00e8 importante per la programmazione e il controllo del trattamento endodontico perch\u00e9 a quel punto si sviluppa una reazione infiammatoria.[\/et_pb_text][\/et_pb_column][\/et_pb_row][et_pb_row column_structure=&#8221;1_3,2_3&#8243; _builder_version=&#8221;4.16&#8243; background_size=&#8221;initial&#8221; background_position=&#8221;top_left&#8221; background_repeat=&#8221;repeat&#8221; global_colors_info=&#8221;{}&#8221;][et_pb_column type=&#8221;1_3&#8243; _builder_version=&#8221;4.16&#8243; custom_padding=&#8221;|||&#8221; global_colors_info=&#8221;{}&#8221; custom_padding__hover=&#8221;|||&#8221;][et_pb_image src=&#8221;https:\/\/skodadent.com\/wp-content\/uploads\/2014\/06\/bitewing_skodadent1.jpg&#8221; align=&#8221;center&#8221; force_fullwidth=&#8221;on&#8221; align_tablet=&#8221;center&#8221; align_phone=&#8221;&#8221; align_last_edited=&#8221;on|desktop&#8221; _builder_version=&#8221;4.16&#8243; animation=&#8221;off&#8221; sticky=&#8221;off&#8221; use_border_color=&#8221;off&#8221; border_color=&#8221;#ffffff&#8221; border_style=&#8221;solid&#8221; global_colors_info=&#8221;{}&#8221;][\/et_pb_image][\/et_pb_column][et_pb_column type=&#8221;2_3&#8243; _builder_version=&#8221;4.16&#8243; custom_padding=&#8221;|||&#8221; global_colors_info=&#8221;{}&#8221; custom_padding__hover=&#8221;|||&#8221;][et_pb_text _builder_version=&#8221;4.19.4&#8243; background_size=&#8221;initial&#8221; background_position=&#8221;top_left&#8221; background_repeat=&#8221;repeat&#8221; use_border_color=&#8221;off&#8221; border_color=&#8221;#ffffff&#8221; border_style=&#8221;solid&#8221; global_colors_info=&#8221;{}&#8221;]<\/p>\n<h2 class=\"dc_headline\" style=\"margin-left: 0;\">Radiografia bite-wing<\/h2>\n<p>Una registrazione del morso al bar, &#8220;bite-wing&#8221;, e&#8217; una registrazione dove sono visibili le corone di alcuni denti  superiori ed inferiori. Su queste registrazioni non si vede la zona intorno all&#8217;apice, ma \u00e8 molto precisa per le modifiche de lle corone dei denti. Pertanto, questa tecnica \u00e8 comunemente utilizzata per la diagnosi di carie, che si trova sulle superfici di contatto dei denti adiacenti. La carie in tali punti in una fase iniziale spesso risulta non visibile, ma si puo&#8217; notare in queste registrazioni . Consigliato come normale revisione annuale.[\/et_pb_text][\/et_pb_column][\/et_pb_row][\/et_pb_section][et_pb_section fb_built=&#8221;1&#8243; custom_padding_last_edited=&#8221;on|desktop&#8221; _builder_version=&#8221;4.16&#8243; background_color=&#8221;#f5f5f5&#8243; custom_padding_tablet=&#8221;50px|0|50px|0&#8243; custom_padding_phone=&#8221;&#8221; transparent_background=&#8221;off&#8221; padding_mobile=&#8221;off&#8221; global_colors_info=&#8221;{}&#8221;][et_pb_row padding_mobile=&#8221;off&#8221; column_padding_mobile=&#8221;on&#8221; _builder_version=&#8221;4.16&#8243; background_size=&#8221;initial&#8221; background_position=&#8221;top_left&#8221; background_repeat=&#8221;repeat&#8221; global_colors_info=&#8221;{}&#8221;][et_pb_column type=&#8221;4_4&#8243; _builder_version=&#8221;4.16&#8243; custom_padding=&#8221;|||&#8221; global_colors_info=&#8221;{}&#8221; custom_padding__hover=&#8221;|||&#8221;][et_pb_text _builder_version=&#8221;4.16&#8243; text_font=&#8221;Bree Serif||||&#8221; text_font_size=&#8221;45&#8243; background_size=&#8221;initial&#8221; background_position=&#8221;top_left&#8221; background_repeat=&#8221;repeat&#8221; use_border_color=&#8221;off&#8221; border_color=&#8221;#ffffff&#8221; border_style=&#8221;solid&#8221; saved_tabs=&#8221;all&#8221; global_colors_info=&#8221;{}&#8221;]<\/p>\n<h2 class=\"dc_headline\" style=\"margin-left: 0;\">Contattaci per qualsiasi dubbio!<\/h2>\n<p>[\/et_pb_text][et_pb_code _builder_version=&#8221;4.16&#8243; global_colors_info=&#8221;{}&#8221;]\n<div class=\"wpcf7 no-js\" id=\"wpcf7-f218810-o1\" lang=\"it-IT\" dir=\"ltr\" data-wpcf7-id=\"218810\">\n<div class=\"screen-reader-response\"><p role=\"status\" aria-live=\"polite\" aria-atomic=\"true\"><\/p> <ul><\/ul><\/div>\n<form action=\"\/it\/wp-json\/wp\/v2\/pages\/2632#wpcf7-f218810-o1\" method=\"post\" class=\"wpcf7-form init wpcf7-acceptance-as-validation\" aria-label=\"Modulo di contatto\" enctype=\"multipart\/form-data\" novalidate=\"novalidate\" data-status=\"init\">\n<fieldset class=\"hidden-fields-container\"><input type=\"hidden\" name=\"_wpcf7\" value=\"218810\" \/><input type=\"hidden\" name=\"_wpcf7_version\" value=\"6.1.5\" \/><input type=\"hidden\" name=\"_wpcf7_locale\" value=\"it_IT\" \/><input type=\"hidden\" name=\"_wpcf7_unit_tag\" value=\"wpcf7-f218810-o1\" \/><input type=\"hidden\" name=\"_wpcf7_container_post\" value=\"0\" \/><input type=\"hidden\" name=\"_wpcf7_posted_data_hash\" value=\"\" \/><input type=\"hidden\" name=\"_wpcf7_recaptcha_response\" value=\"\" \/>\n<\/fieldset>\n<p class=\"dc_get_in_touch dc_contact_form_name_wrapper\"><span class=\"wpcf7-form-control-wrap\" data-name=\"your-name\"><input size=\"40\" maxlength=\"400\" class=\"wpcf7-form-control wpcf7-text wpcf7-validates-as-required\" aria-required=\"true\" aria-invalid=\"false\" placeholder=\"Nome*\" value=\"\" type=\"text\" name=\"your-name\" \/><\/span>\n<\/p>\n<p class=\"dc_get_in_touch dc_contact_form_name_wrapper\"><span class=\"wpcf7-form-control-wrap\" data-name=\"surname\"><input size=\"40\" maxlength=\"400\" class=\"wpcf7-form-control wpcf7-text wpcf7-validates-as-required\" aria-required=\"true\" aria-invalid=\"false\" placeholder=\"Cognome*\" value=\"\" type=\"text\" name=\"surname\" \/><\/span>\n<\/p>\n<p class=\"dc_get_in_touch dc_contact_form_email_wrapper\"><span class=\"wpcf7-form-control-wrap\" data-name=\"your-email\"><input size=\"40\" maxlength=\"400\" class=\"wpcf7-form-control wpcf7-email wpcf7-validates-as-required wpcf7-text wpcf7-validates-as-email\" aria-required=\"true\" aria-invalid=\"false\" placeholder=\"Email*\" value=\"\" type=\"email\" name=\"your-email\" \/><\/span>\n<\/p>\n<p class=\"dc_get_in_touch dc_contact_form_phone_wrapper\"><span class=\"wpcf7-form-control-wrap\" data-name=\"Contactnumber\"><input size=\"40\" maxlength=\"400\" class=\"wpcf7-form-control wpcf7-tel wpcf7-validates-as-required wpcf7-text wpcf7-validates-as-tel\" aria-required=\"true\" aria-invalid=\"false\" placeholder=\"Telefono*\" value=\"\" type=\"tel\" name=\"Contactnumber\" \/><\/span>\n<\/p>\n<p class=\"dc_get_in_touch dc_contact_form_subject_wrapper\"><span class=\"wpcf7-form-control-wrap\" data-name=\"your-subject\"><input size=\"40\" maxlength=\"400\" class=\"wpcf7-form-control wpcf7-text\" aria-invalid=\"false\" placeholder=\"Soggetto\" value=\"\" type=\"text\" name=\"your-subject\" \/><\/span>\n<\/p>\n<p class=\"dc_get_in_touch dc_contact_form_textarea_wrapper\"><span class=\"wpcf7-form-control-wrap\" data-name=\"your-message\"><textarea cols=\"40\" rows=\"10\" maxlength=\"2000\" class=\"wpcf7-form-control wpcf7-textarea\" aria-invalid=\"false\" placeholder=\"Messaggio\" name=\"your-message\"><\/textarea><\/span>\n<\/p>\n<p><span class=\"wpcf7-form-control-wrap\" data-name=\"acceptance-941\"><span class=\"wpcf7-form-control wpcf7-acceptance\"><span class=\"wpcf7-list-item\"><label><input type=\"checkbox\" name=\"acceptance-941\" value=\"1\" aria-invalid=\"false\" \/><span class=\"wpcf7-list-item-label\">Accetto la <a href= \"\/izjava-o-zastiti-privatnosti\">Privacy Policy<\/a>*<\/span><\/label><\/span><\/span><\/span><br \/>\n<span class=\"wpcf7-form-control-wrap\" data-name=\"acceptance-383\"><span class=\"wpcf7-form-control wpcf7-acceptance optional\"><span class=\"wpcf7-list-item\"><label><input type=\"checkbox\" name=\"acceptance-383\" value=\"1\" aria-invalid=\"false\" \/><span class=\"wpcf7-list-item-label\">Voglio ricevere notizie sulle promozioni.<\/span><\/label><\/span><\/span><\/span>\n<\/p>\n<p><span class=\"wpcf7-form-control-wrap\" data-name=\"file-143\"><input size=\"40\" class=\"wpcf7-form-control wpcf7-file\" accept=\"audio\/*,video\/*,image\/*\" aria-invalid=\"false\" type=\"file\" name=\"file-143\" \/><\/span>\n<\/p>\n\n<p class=\"dc_get_in_touch_submit dc_contact_form_submit_wrapper\"><input class=\"wpcf7-form-control wpcf7-submit has-spinner\" type=\"submit\" value=\"Invia\" \/>\n<\/p><p style=\"display: none !important;\" class=\"akismet-fields-container\" data-prefix=\"_wpcf7_ak_\"><label>&#916;<textarea name=\"_wpcf7_ak_hp_textarea\" cols=\"45\" rows=\"8\" maxlength=\"100\"><\/textarea><\/label><input type=\"hidden\" id=\"ak_js_1\" name=\"_wpcf7_ak_js\" value=\"30\"\/><script>document.getElementById( \"ak_js_1\" ).setAttribute( \"value\", ( new Date() ).getTime() );<\/script><\/p><div class=\"wpcf7-response-output\" aria-hidden=\"true\"><\/div>\n<\/form>\n<\/div>\n[\/et_pb_code][\/et_pb_column][\/et_pb_row][\/et_pb_section]<\/p>\n","protected":false},"excerpt":{"rendered":"<p>TAC Dentale &#8211; Scansione 3D delle mascelle La TAC Dentale (CBCT) ci consente di avere una visione tridimensionale pi\u00f9 dettagliata delle strutture anatomiche e svolge un ruolo chiave nella diagnostica, cos\u00ec come nell&#8217;implantologia e nella pianificazione ortodontica. A differenza di Panoramica, che \u00e8 bidimensionale, TAC Dentale mostra l&#8217;osso in tutte e tre le dimensioni, cos\u00ec [&hellip;]<\/p>\n","protected":false},"author":8,"featured_media":0,"parent":0,"menu_order":0,"comment_status":"open","ping_status":"closed","template":"","meta":{"_seopress_robots_primary_cat":"","_seopress_titles_title":"Radiografia dentale - \u0160kodaDENT Rijeka","_seopress_titles_desc":"La nostra radiografia dentale ha la pi\u00f9 bassa dose possibile di radiazione che non viene considerata nociva.","_seopress_robots_index":"","_et_pb_use_builder":"on","_et_pb_old_content":"","_et_gb_content_width":"","footnotes":""},"class_list":["post-2632","page","type-page","status-publish","hentry"],"_links":{"self":[{"href":"https:\/\/skodadent.com\/it\/wp-json\/wp\/v2\/pages\/2632","targetHints":{"allow":["GET"]}}],"collection":[{"href":"https:\/\/skodadent.com\/it\/wp-json\/wp\/v2\/pages"}],"about":[{"href":"https:\/\/skodadent.com\/it\/wp-json\/wp\/v2\/types\/page"}],"author":[{"embeddable":true,"href":"https:\/\/skodadent.com\/it\/wp-json\/wp\/v2\/users\/8"}],"replies":[{"embeddable":true,"href":"https:\/\/skodadent.com\/it\/wp-json\/wp\/v2\/comments?post=2632"}],"version-history":[{"count":13,"href":"https:\/\/skodadent.com\/it\/wp-json\/wp\/v2\/pages\/2632\/revisions"}],"predecessor-version":[{"id":270904,"href":"https:\/\/skodadent.com\/it\/wp-json\/wp\/v2\/pages\/2632\/revisions\/270904"}],"wp:attachment":[{"href":"https:\/\/skodadent.com\/it\/wp-json\/wp\/v2\/media?parent=2632"}],"curies":[{"name":"wp","href":"https:\/\/api.w.org\/{rel}","templated":true}]}}