{"id":15524,"date":"2014-07-05T18:43:17","date_gmt":"2014-07-05T16:43:17","guid":{"rendered":"http:\/\/skodadent.com\/?page_id=15524"},"modified":"2019-04-23T22:10:17","modified_gmt":"2019-04-23T20:10:17","slug":"sterilizacija-in-dezinfekcija","status":"publish","type":"page","link":"https:\/\/skodadent.com\/sl\/sterilizacija-in-dezinfekcija\/","title":{"rendered":"Sterilizacija in dezinfekcija"},"content":{"rendered":"<p>[et_pb_section fb_built=&#8221;1&#8243; fullwidth=&#8221;on&#8221; custom_padding_last_edited=&#8221;on|desktop&#8221; _builder_version=&#8221;3.19&#8243; use_background_color_gradient=&#8221;on&#8221; background_color_gradient_start=&#8221;#8e793e&#8221; background_color_gradient_end=&#8221;#ad974f&#8221; background_image=&#8221;http:\/\/skodadent.com\/wp-content\/uploads\/2018\/12\/luxury-1.jpg&#8221; background_blend=&#8221;screen&#8221; custom_padding_tablet=&#8221;50px|0|50px|0&#8243; bottom_divider_color=&#8221;#ffffff&#8221; bottom_divider_height=&#8221;84px&#8221; transparent_background=&#8221;on&#8221;][et_pb_fullwidth_header title=&#8221;Sterilizacija in dezinfekcija&#8221; subhead=&#8221;Va\u0161a varnost je na\u0161a varnost.&#8221; subhead_font_color=&#8221;#ffffff&#8221; _builder_version=&#8221;3.19&#8243; title_font=&#8221;|700||on|||||&#8221; title_text_color=&#8221;#002649&#8243; content_font=&#8221;||||||||&#8221; subhead_font=&#8221;||||||||&#8221; subhead_text_color=&#8221;#002649&#8243; subhead_font_size=&#8221;20px&#8221; background_color=&#8221;rgba(255, 255, 255, 0)&#8221; button_one_letter_spacing_hover=&#8221;0&#8243; button_two_letter_spacing_hover=&#8221;0&#8243; locked=&#8221;off&#8221; button_one_text_size__hover_enabled=&#8221;off&#8221; button_one_text_size__hover=&#8221;null&#8221; button_two_text_size__hover_enabled=&#8221;off&#8221; button_two_text_size__hover=&#8221;null&#8221; button_one_text_color__hover_enabled=&#8221;off&#8221; button_one_text_color__hover=&#8221;null&#8221; button_two_text_color__hover_enabled=&#8221;off&#8221; button_two_text_color__hover=&#8221;null&#8221; button_one_border_width__hover_enabled=&#8221;off&#8221; button_one_border_width__hover=&#8221;null&#8221; button_two_border_width__hover_enabled=&#8221;off&#8221; button_two_border_width__hover=&#8221;null&#8221; button_one_border_color__hover_enabled=&#8221;off&#8221; button_one_border_color__hover=&#8221;null&#8221; button_two_border_color__hover_enabled=&#8221;off&#8221; button_two_border_color__hover=&#8221;null&#8221; button_one_border_radius__hover_enabled=&#8221;off&#8221; button_one_border_radius__hover=&#8221;null&#8221; button_two_border_radius__hover_enabled=&#8221;off&#8221; button_two_border_radius__hover=&#8221;null&#8221; button_one_letter_spacing__hover_enabled=&#8221;on&#8221; button_one_letter_spacing__hover=&#8221;0&#8243; button_two_letter_spacing__hover_enabled=&#8221;on&#8221; button_two_letter_spacing__hover=&#8221;0&#8243; button_one_bg_color__hover_enabled=&#8221;off&#8221; button_one_bg_color__hover=&#8221;null&#8221; button_two_bg_color__hover_enabled=&#8221;off&#8221; button_two_bg_color__hover=&#8221;null&#8221;][\/et_pb_fullwidth_header][\/et_pb_section][et_pb_section fb_built=&#8221;1&#8243; admin_label=&#8221;section&#8221; _builder_version=&#8221;3.0.47&#8243;][et_pb_row admin_label=&#8221;row&#8221; _builder_version=&#8221;3.0.47&#8243; background_size=&#8221;initial&#8221; background_position=&#8221;top_left&#8221; background_repeat=&#8221;repeat&#8221;][et_pb_column type=&#8221;1_2&#8243; _builder_version=&#8221;3.0.47&#8243;][et_pb_image src=&#8221;http:\/\/skodadent.com\/wp-content\/uploads\/2014\/07\/sterilizacija.jpg&#8221; align=&#8221;center&#8221; _builder_version=&#8221;3.0.87&#8243; animation=&#8221;off&#8221; sticky=&#8221;off&#8221; use_border_color=&#8221;off&#8221; border_color=&#8221;#ffffff&#8221; border_style=&#8221;solid&#8221;][\/et_pb_image][et_pb_text _builder_version=&#8221;3.0.87&#8243; background_size=&#8221;initial&#8221; background_position=&#8221;top_left&#8221; background_repeat=&#8221;repeat&#8221; use_border_color=&#8221;off&#8221; border_color=&#8221;#ffffff&#8221; border_style=&#8221;solid&#8221;]<\/p>\n<div>Sterilizacija in dezinfekcija so v dana\u0161njem \u010dasu \u0161tevilnih nalezljivih bolezni izjemno pomemben dejavnik pri varnem delu zobozdravstvene ordinacije. Zato v \u0160kodadentu uporabljamo vsa razpolo\u017eljiva sredstva, da sta sterilizacija in dezinfekcija na\u0161ih prostorov in opreme na najvi\u0161ji mo\u017eni ravni. Za sterilizacijo instrumentov uporabljamo AUTOKLAV B KLASE, ki odgovarja najzahtevnej\u0161im kriterijem sterilizacije, kot tudi najstro\u017ejim standardom EVROPSKE UNIJE (EN 0630 in EN 867-5). Varnost na\u0161ih pacientov in samega osebja ordinacije je za nas najpomembnej\u0161a.<br \/>\nZa vsakega posameznega pacienta se zamenjajo vsi lon\u010dki, \u010drpalke, predpasniki, rokavice, maske, matrice, aplikatorji, pladnji, niti, igle, bomba\u017eni zvitki, gaze in drugo. Instrumentarij, ki se ne more sterilizirati v autoklavu, se uporablja enkratno in se po uporabi odvr\u017ee. Za vsakim pacientom se s primernimi dezinfekcijskimi sredstvi dezinficirajo povr\u0161ine stomatolo\u0161kega stola in vse ostale delovne povr\u0161ine.<br \/>\nRazpolagamo z novimi stomatolo\u0161kimi stoli s centralno oskrbo demineralizirane vode za medicinsko uporabo. Skozi na\u0161 sistem ne izhaja navadna voda iz mestnega vodovoda (po standardih EU).<br \/>\n[\/et_pb_text][\/et_pb_column][et_pb_column type=&#8221;1_2&#8243; _builder_version=&#8221;3.0.47&#8243;][et_pb_text _builder_version=&#8221;3.0.87&#8243; background_size=&#8221;initial&#8221; background_position=&#8221;top_left&#8221; background_repeat=&#8221;repeat&#8221; use_border_color=&#8221;off&#8221; border_color=&#8221;#ffffff&#8221; border_style=&#8221;solid&#8221;]Sterilizacija in dezinfekcija zobozdravstvenih instrumentov se izvede skozi naslednje faze:<br \/>\nVsak pripomo\u010dek se takoj po uporabi za min. 30 minut potopi v posodo z dezinfekcijsko raztopino.<br \/>\nZatem se polo\u017ei v ultrazvo\u010dno banjico, kjer se odstranijo vsi delci organskega tkiva, ki so prostemu o\u010desu nevidni.<br \/>\nInstrumenti se previdno bri\u0161ejo in postavijo v avtoklav, kjer gredo skozi proces sterilizacije na 134\u00b0 C pri pritisku 2,5 bara.<br \/>\nPakirajo se posami\u010dno v posebno embala\u017eo, v kateri zadr\u017eujejo sterilnost in se odpirajo neposredno pred uporabo.<\/p>\n<p><a href=\"https:\/\/www.skodadent.com\/wp-content\/uploads\/2014\/07\/sterilizacija_dezinfekcija.jpg\"><img decoding=\"async\" class=\"size-full wp-image-3479 aligncenter\" src=\"https:\/\/www.skodadent.com\/wp-content\/uploads\/2014\/07\/sterilizacija_dezinfekcija.jpg\" alt=\"sterilizacija_dezinfekcija\" width=\"200\" height=\"150\"><\/a><\/p>\n<p>Z na\u0161tetimi postopki uni\u010dujemo vse bakterije, viruse, glivice in njihove spore ter na ta na\u010din prepre\u010dujemo nastanek in \u0161irjenje bilo katere vrste infekcij.<\/p>\n<p>Da bi lahko z gotovostjo trdili, da sta na\u0161a sterilizacija in dezinfekcija v popolnosti u\u010dinkoviti, smo anga\u017eirali neodvisni biomedicinski laboratorij, da nas ob\u010dasno preverja. Laboratorij jemlje vzorce vode, zraka, brise delovnih povr\u0161in in opreme, sterilizacija avtoklava pa se testira s sporami.<\/p>\n<p>V zimskih mesecih, ko nastopi obdobje gripe in ostalih viroz, se poslu\u017eujemo organskih eteri\u010dnih olj za dodatno dezinfekcijo zraka v na\u0161ih prostorih. V \u0160kodadentu je zagotovljena Va\u0161a in tudi na\u0161a varnost.<br \/>\n[\/et_pb_text][\/et_pb_column][\/et_pb_row][\/et_pb_section][et_pb_section fb_built=&#8221;1&#8243; custom_padding_last_edited=&#8221;on|desktop&#8221; _builder_version=&#8221;3.0.74&#8243; background_color=&#8221;#f5f5f5&#8243; custom_padding_tablet=&#8221;50px|0|50px|0&#8243; transparent_background=&#8221;off&#8221; padding_mobile=&#8221;off&#8221;][et_pb_row padding_mobile=&#8221;off&#8221; column_padding_mobile=&#8221;on&#8221; parallax_method_1=&#8221;off&#8221; _builder_version=&#8221;3.0.47&#8243; background_size=&#8221;initial&#8221; background_position=&#8221;top_left&#8221; background_repeat=&#8221;repeat&#8221;][et_pb_column type=&#8221;4_4&#8243; _builder_version=&#8221;3.0.47&#8243;][et_pb_text _builder_version=&#8221;3.19.8&#8243; text_font=&#8221;Bree Serif||||&#8221; text_font_size=&#8221;45&#8243; background_size=&#8221;initial&#8221; background_position=&#8221;top_left&#8221; background_repeat=&#8221;repeat&#8221; use_border_color=&#8221;off&#8221; border_color=&#8221;#ffffff&#8221; border_style=&#8221;solid&#8221; saved_tabs=&#8221;all&#8221;]<\/p>\n<h2 class=\"dc_headline\" style=\"margin-left: 0;\">IMA\u0160 VPRA\u0160ANJE? TUKAJ SMO!<\/h2>\n<p>[\/et_pb_text][et_pb_code _builder_version=&#8221;3.19.18&#8243;]\n<div class=\"wpcf7 no-js\" id=\"wpcf7-f218809-o1\" lang=\"sl-SI\" dir=\"ltr\" data-wpcf7-id=\"218809\">\n<div class=\"screen-reader-response\"><p role=\"status\" aria-live=\"polite\" aria-atomic=\"true\"><\/p> <ul><\/ul><\/div>\n<form action=\"\/sl\/wp-json\/wp\/v2\/pages\/15524#wpcf7-f218809-o1\" method=\"post\" class=\"wpcf7-form init wpcf7-acceptance-as-validation\" aria-label=\"Contact form\" enctype=\"multipart\/form-data\" novalidate=\"novalidate\" data-status=\"init\">\n<fieldset class=\"hidden-fields-container\"><input type=\"hidden\" name=\"_wpcf7\" value=\"218809\" \/><input type=\"hidden\" name=\"_wpcf7_version\" value=\"6.1.5\" \/><input type=\"hidden\" name=\"_wpcf7_locale\" value=\"sl_SI\" \/><input type=\"hidden\" name=\"_wpcf7_unit_tag\" value=\"wpcf7-f218809-o1\" \/><input type=\"hidden\" name=\"_wpcf7_container_post\" value=\"0\" \/><input type=\"hidden\" name=\"_wpcf7_posted_data_hash\" value=\"\" \/><input type=\"hidden\" name=\"_wpcf7_recaptcha_response\" value=\"\" \/>\n<\/fieldset>\n<p><script>\ndocument.addEventListener( 'wpcf7mailsent', function( event ) {\n location = 'https:\/\/skodadent.com\/sl\/hvala\/';\n}, false );\n<\/script>\n<\/p>\n<p class=\"dc_get_in_touch dc_contact_form_name_wrapper\"><span class=\"wpcf7-form-control-wrap\" data-name=\"your-name\"><input size=\"40\" maxlength=\"400\" class=\"wpcf7-form-control wpcf7-text wpcf7-validates-as-required\" aria-required=\"true\" aria-invalid=\"false\" placeholder=\"Ime*\" value=\"\" type=\"text\" name=\"your-name\" \/><\/span>\n<\/p>\n<p class=\"dc_get_in_touch dc_contact_form_name_wrapper\"><span class=\"wpcf7-form-control-wrap\" data-name=\"surname\"><input size=\"40\" maxlength=\"400\" class=\"wpcf7-form-control wpcf7-text wpcf7-validates-as-required\" aria-required=\"true\" aria-invalid=\"false\" placeholder=\"Priimek*\" value=\"\" type=\"text\" name=\"surname\" \/><\/span>\n<\/p>\n<p class=\"dc_get_in_touch dc_contact_form_email_wrapper\"><span class=\"wpcf7-form-control-wrap\" data-name=\"your-email\"><input size=\"40\" maxlength=\"400\" class=\"wpcf7-form-control wpcf7-email wpcf7-validates-as-required wpcf7-text wpcf7-validates-as-email\" aria-required=\"true\" aria-invalid=\"false\" placeholder=\"Email*\" value=\"\" type=\"email\" name=\"your-email\" \/><\/span>\n<\/p>\n<p class=\"dc_get_in_touch dc_contact_form_phone_wrapper\"><span class=\"wpcf7-form-control-wrap\" data-name=\"Contactnumber\"><input size=\"40\" maxlength=\"400\" class=\"wpcf7-form-control wpcf7-tel wpcf7-validates-as-required wpcf7-text wpcf7-validates-as-tel\" aria-required=\"true\" aria-invalid=\"false\" placeholder=\"Telefon*\" value=\"\" type=\"tel\" name=\"Contactnumber\" \/><\/span>\n<\/p>\n<p class=\"dc_get_in_touch dc_contact_form_subject_wrapper\"><span class=\"wpcf7-form-control-wrap\" data-name=\"your-subject\"><input size=\"40\" maxlength=\"400\" class=\"wpcf7-form-control wpcf7-text\" aria-invalid=\"false\" placeholder=\"Predmet\" value=\"\" type=\"text\" name=\"your-subject\" \/><\/span>\n<\/p>\n<p class=\"dc_get_in_touch dc_contact_form_textarea_wrapper\"><span class=\"wpcf7-form-control-wrap\" data-name=\"your-message\"><textarea cols=\"40\" rows=\"10\" maxlength=\"2000\" class=\"wpcf7-form-control wpcf7-textarea\" aria-invalid=\"false\" placeholder=\"Sporo\u010dilo\" name=\"your-message\"><\/textarea><\/span>\n<\/p>\n<p><span class=\"wpcf7-form-control-wrap\" data-name=\"acceptance-941\"><span class=\"wpcf7-form-control wpcf7-acceptance\"><span class=\"wpcf7-list-item\"><label><input type=\"checkbox\" name=\"acceptance-941\" value=\"1\" aria-invalid=\"false\" \/><span class=\"wpcf7-list-item-label\">Strinjam s <a href= \"\/izjava-o-zastiti-privatnosti\">Splo\u0161nimi pogoji poslovanja<\/a>*<\/span><\/label><\/span><\/span><\/span><br \/>\n<span class=\"wpcf7-form-control-wrap\" data-name=\"acceptance-411\"><span class=\"wpcf7-form-control wpcf7-acceptance optional\"><span class=\"wpcf7-list-item\"><label><input type=\"checkbox\" name=\"acceptance-411\" value=\"1\" aria-invalid=\"false\" \/><span class=\"wpcf7-list-item-label\">\u017delim prejemati novice o akcijah.<\/span><\/label><\/span><\/span><\/span>\n<\/p>\n<p><span class=\"wpcf7-form-control-wrap\" data-name=\"file-143\"><input size=\"40\" class=\"wpcf7-form-control wpcf7-file\" accept=\"audio\/*,video\/*,image\/*\" aria-invalid=\"false\" type=\"file\" name=\"file-143\" \/><\/span>\n<\/p>\n\n<p class=\"dc_get_in_touch_submit dc_contact_form_submit_wrapper\"><input class=\"wpcf7-form-control wpcf7-submit has-spinner\" type=\"submit\" value=\"Po\u0161lji\" \/>\n<\/p><p style=\"display: none !important;\" class=\"akismet-fields-container\" data-prefix=\"_wpcf7_ak_\"><label>&#916;<textarea name=\"_wpcf7_ak_hp_textarea\" cols=\"45\" rows=\"8\" maxlength=\"100\"><\/textarea><\/label><input type=\"hidden\" id=\"ak_js_1\" name=\"_wpcf7_ak_js\" value=\"14\"\/><script>document.getElementById( \"ak_js_1\" ).setAttribute( \"value\", ( new Date() ).getTime() );<\/script><\/p><div class=\"wpcf7-response-output\" aria-hidden=\"true\"><\/div>\n<\/form>\n<\/div>\n[\/et_pb_code][\/et_pb_column][\/et_pb_row][\/et_pb_section]<\/p>\n","protected":false},"excerpt":{"rendered":"<p>Sterilizacija in dezinfekcija so v dana\u0161njem \u010dasu \u0161tevilnih nalezljivih bolezni izjemno pomemben dejavnik pri varnem delu zobozdravstvene ordinacije. Zato v \u0160kodadentu uporabljamo vsa razpolo\u017eljiva sredstva, da sta sterilizacija in dezinfekcija na\u0161ih prostorov in opreme na najvi\u0161ji mo\u017eni ravni. Za sterilizacijo instrumentov uporabljamo AUTOKLAV B KLASE, ki odgovarja najzahtevnej\u0161im kriterijem sterilizacije, kot tudi najstro\u017ejim standardom EVROPSKE [&hellip;]<\/p>\n","protected":false},"author":8,"featured_media":0,"parent":0,"menu_order":0,"comment_status":"open","ping_status":"closed","template":"","meta":{"_seopress_robots_primary_cat":"","_seopress_titles_title":"Sterilizacija in dezinfekcija v kliniki \u0160kodadent","_seopress_titles_desc":"Sterilizacija in deinfekcija - osnova za varnost v zobnih klinikah. Na\u0161a sterilizacija in dezinfekcija izpolnjuje stroge varnostne standarde EU.","_seopress_robots_index":"","_et_pb_use_builder":"on","_et_pb_old_content":"","_et_gb_content_width":"","footnotes":""},"class_list":["post-15524","page","type-page","status-publish","hentry"],"_links":{"self":[{"href":"https:\/\/skodadent.com\/sl\/wp-json\/wp\/v2\/pages\/15524","targetHints":{"allow":["GET"]}}],"collection":[{"href":"https:\/\/skodadent.com\/sl\/wp-json\/wp\/v2\/pages"}],"about":[{"href":"https:\/\/skodadent.com\/sl\/wp-json\/wp\/v2\/types\/page"}],"author":[{"embeddable":true,"href":"https:\/\/skodadent.com\/sl\/wp-json\/wp\/v2\/users\/8"}],"replies":[{"embeddable":true,"href":"https:\/\/skodadent.com\/sl\/wp-json\/wp\/v2\/comments?post=15524"}],"version-history":[{"count":0,"href":"https:\/\/skodadent.com\/sl\/wp-json\/wp\/v2\/pages\/15524\/revisions"}],"wp:attachment":[{"href":"https:\/\/skodadent.com\/sl\/wp-json\/wp\/v2\/media?parent=15524"}],"curies":[{"name":"wp","href":"https:\/\/api.w.org\/{rel}","templated":true}]}}