{"id":219415,"date":"2019-05-18T22:57:48","date_gmt":"2019-05-18T20:57:48","guid":{"rendered":"http:\/\/skodadent.com\/hvala\/"},"modified":"2019-05-18T22:57:50","modified_gmt":"2019-05-18T20:57:50","slug":"hvala","status":"publish","type":"page","link":"https:\/\/skodadent.com\/sl\/hvala\/","title":{"rendered":"Hvala"},"content":{"rendered":"<p>[et_pb_section fb_built=&#8221;1&#8243; admin_label=&#8221;section&#8221; _builder_version=&#8221;3.22.3&#8243;][et_pb_row admin_label=&#8221;row&#8221; _builder_version=&#8221;3.22.3&#8243; background_size=&#8221;initial&#8221; background_position=&#8221;top_left&#8221; background_repeat=&#8221;repeat&#8221;][et_pb_column type=&#8221;4_4&#8243; _builder_version=&#8221;3.0.47&#8243;][et_pb_text admin_label=&#8221;Text&#8221; _builder_version=&#8221;3.22.7&#8243; text_font=&#8221;|700|||||||&#8221; text_text_color=&#8221;#ad974f&#8221; text_font_size=&#8221;80px&#8221; text_line_height=&#8221;3em&#8221; background_size=&#8221;initial&#8221; background_position=&#8221;top_left&#8221; background_repeat=&#8221;repeat&#8221; text_orientation=&#8221;center&#8221; module_alignment=&#8221;center&#8221; use_border_color=&#8221;off&#8221; border_color=&#8221;#ffffff&#8221; border_style=&#8221;solid&#8221;]HVALA \ud83d\ude42<br \/>\n[\/et_pb_text][et_pb_text text_orientation=&#8221;center&#8221; _builder_version=&#8221;3.22.7&#8243; text_font=&#8221;||||||||&#8221;]Hvala za va\u0161a vpra\u0161anja in informacije. Odgovorili vam bomo najpozneje do delovnega dne ali naslednjega delovnega dne.<br \/>\n\u010ce po dveh delovnih dneh ne prejmete na\u0161ega odgovora, prosimo da nas o tem obvestite na +385 51 263 766 ali +285 99 471 7112.[\/et_pb_text][\/et_pb_column][\/et_pb_row][\/et_pb_section]<\/p>\n","protected":false},"excerpt":{"rendered":"<p>HVALA \ud83d\ude42 Hvala za va\u0161a vpra\u0161anja in informacije. Odgovorili vam bomo najpozneje do delovnega dne ali naslednjega delovnega dne. \u010ce po dveh delovnih dneh ne prejmete na\u0161ega odgovora, prosimo da nas o tem obvestite na +385 51 263 766 ali +285 99 471 7112.<\/p>\n","protected":false},"author":8,"featured_media":0,"parent":0,"menu_order":0,"comment_status":"closed","ping_status":"closed","template":"","meta":{"_seopress_robots_primary_cat":"","_seopress_titles_title":"","_seopress_titles_desc":"","_seopress_robots_index":"","_et_pb_use_builder":"on","_et_pb_old_content":"","_et_gb_content_width":"","footnotes":""},"class_list":["post-219415","page","type-page","status-publish","hentry"],"_links":{"self":[{"href":"https:\/\/skodadent.com\/sl\/wp-json\/wp\/v2\/pages\/219415","targetHints":{"allow":["GET"]}}],"collection":[{"href":"https:\/\/skodadent.com\/sl\/wp-json\/wp\/v2\/pages"}],"about":[{"href":"https:\/\/skodadent.com\/sl\/wp-json\/wp\/v2\/types\/page"}],"author":[{"embeddable":true,"href":"https:\/\/skodadent.com\/sl\/wp-json\/wp\/v2\/users\/8"}],"replies":[{"embeddable":true,"href":"https:\/\/skodadent.com\/sl\/wp-json\/wp\/v2\/comments?post=219415"}],"version-history":[{"count":0,"href":"https:\/\/skodadent.com\/sl\/wp-json\/wp\/v2\/pages\/219415\/revisions"}],"wp:attachment":[{"href":"https:\/\/skodadent.com\/sl\/wp-json\/wp\/v2\/media?parent=219415"}],"curies":[{"name":"wp","href":"https:\/\/api.w.org\/{rel}","templated":true}]}}