{"id":2497,"date":"2014-05-29T20:35:37","date_gmt":"2014-05-29T18:35:37","guid":{"rendered":"http:\/\/skodadent.com\/?page_id=2497"},"modified":"2019-09-14T15:20:55","modified_gmt":"2019-09-14T13:20:55","slug":"estetika-luske","status":"publish","type":"page","link":"https:\/\/skodadent.com\/sl\/estetika-luske\/","title":{"rendered":"Zobne luske &#8211; zobna estetika"},"content":{"rendered":"<p>[et_pb_section fb_built=&#8221;1&#8243; fullwidth=&#8221;on&#8221; custom_padding_last_edited=&#8221;on|desktop&#8221; _builder_version=&#8221;3.22.3&#8243; use_background_color_gradient=&#8221;on&#8221; background_color_gradient_start=&#8221;#8e793e&#8221; background_color_gradient_end=&#8221;#ad974f&#8221; background_image=&#8221;https:\/\/skodadent.com\/wp-content\/uploads\/2018\/12\/luxury-1.jpg&#8221; background_blend=&#8221;screen&#8221; custom_padding_tablet=&#8221;50px|0|50px|0&#8243; bottom_divider_color=&#8221;#ffffff&#8221; bottom_divider_height=&#8221;84px&#8221; transparent_background=&#8221;on&#8221; fb_built=&#8221;1&#8243; _i=&#8221;0&#8243; _address=&#8221;0&#8243;][et_pb_fullwidth_header title=&#8221;Zobne luske &#8211; zobna estetika&#8221; subhead=&#8221;Prvi vtis je najpomembnej\u0161i. Naj padajo na kolena!&#8221; subhead_font_color=&#8221;#ffffff&#8221; _builder_version=&#8221;3.22.4&#8243; title_font=&#8221;|700||on|||||&#8221; title_text_color=&#8221;#002649&#8243; content_font=&#8221;||||||||&#8221; subhead_font=&#8221;||||||||&#8221; subhead_text_color=&#8221;#002649&#8243; subhead_font_size=&#8221;20px&#8221; background_color=&#8221;rgba(255, 255, 255, 0)&#8221; button_one_letter_spacing_hover=&#8221;0&#8243; button_two_letter_spacing_hover=&#8221;0&#8243; locked=&#8221;off&#8221; button_one_text_size__hover_enabled=&#8221;off&#8221; button_one_text_size__hover=&#8221;null&#8221; button_two_text_size__hover_enabled=&#8221;off&#8221; button_two_text_size__hover=&#8221;null&#8221; button_one_text_color__hover_enabled=&#8221;off&#8221; button_one_text_color__hover=&#8221;null&#8221; button_two_text_color__hover_enabled=&#8221;off&#8221; button_two_text_color__hover=&#8221;null&#8221; button_one_border_width__hover_enabled=&#8221;off&#8221; button_one_border_width__hover=&#8221;null&#8221; button_two_border_width__hover_enabled=&#8221;off&#8221; button_two_border_width__hover=&#8221;null&#8221; button_one_border_color__hover_enabled=&#8221;off&#8221; button_one_border_color__hover=&#8221;null&#8221; button_two_border_color__hover_enabled=&#8221;off&#8221; button_two_border_color__hover=&#8221;null&#8221; button_one_border_radius__hover_enabled=&#8221;off&#8221; button_one_border_radius__hover=&#8221;null&#8221; button_two_border_radius__hover_enabled=&#8221;off&#8221; button_two_border_radius__hover=&#8221;null&#8221; button_one_letter_spacing__hover_enabled=&#8221;on&#8221; button_one_letter_spacing__hover=&#8221;0&#8243; button_two_letter_spacing__hover_enabled=&#8221;on&#8221; button_two_letter_spacing__hover=&#8221;0&#8243; button_one_bg_color__hover_enabled=&#8221;off&#8221; button_one_bg_color__hover=&#8221;null&#8221; button_two_bg_color__hover_enabled=&#8221;off&#8221; button_two_bg_color__hover=&#8221;null&#8221; _i=&#8221;0&#8243; _address=&#8221;0.0&#8243;][\/et_pb_fullwidth_header][\/et_pb_section][et_pb_section fb_built=&#8221;1&#8243; custom_padding_last_edited=&#8221;on|desktop&#8221; admin_label=&#8221;section&#8221; _builder_version=&#8221;3.22.3&#8243; custom_padding_tablet=&#8221;50px|0|50px|0&#8243; transparent_background=&#8221;off&#8221; padding_mobile=&#8221;off&#8221; fb_built=&#8221;1&#8243; _i=&#8221;1&#8243; _address=&#8221;1&#8243;][et_pb_row padding_mobile=&#8221;off&#8221; column_padding_mobile=&#8221;on&#8221; admin_label=&#8221;row&#8221; _builder_version=&#8221;3.25&#8243; background_size=&#8221;initial&#8221; background_position=&#8221;top_left&#8221; background_repeat=&#8221;repeat&#8221; _i=&#8221;0&#8243; _address=&#8221;1.0&#8243; column_structure=&#8221;1_2,1_2&#8243;][et_pb_column type=&#8221;1_2&#8243; _builder_version=&#8221;3.25&#8243; custom_padding=&#8221;|||&#8221; _i=&#8221;0&#8243; _address=&#8221;1.0.0&#8243; custom_padding__hover=&#8221;|||&#8221;][et_pb_video src=&#8221;https:\/\/www.youtube.com\/watch?v=NdQunaRzeGY&#8221; _builder_version=&#8221;3.0.47&#8243; _i=&#8221;0&#8243; _address=&#8221;1.0.0.0&#8243;][\/et_pb_video][et_pb_text _builder_version=&#8221;3.27.4&#8243; background_size=&#8221;initial&#8221; background_position=&#8221;top_left&#8221; background_repeat=&#8221;repeat&#8221; hover_enabled=&#8221;0&#8243; use_border_color=&#8221;off&#8221; border_color=&#8221;#ffffff&#8221; border_style=&#8221;solid&#8221; _i=&#8221;1&#8243; _address=&#8221;1.0.0.1&#8243;]<\/p>\n<h3 class=\"dc_headline\" style=\"margin-left: 0;\">VSI GOVORIJO O ZOBNIH LUSKAH. KAJ JE TO?<\/h3>\n<p>Fasete ali zobne luske (veneers) so izrazito tanki nadomestki, izdelani iz \u010diste keramike. Pri\u010dvrstijo se na sprednjo povr\u0161ino zoba in slu\u017eijo za korekcijo barve in oblik. Z zobnimi luskami se dajo popraviti tudi manj\u0161e pomanjkljivosti polo\u017eaja zob, kot tudi pri blagi okrivljenosti, zbitosti ali razmahu med zobmi. Glede na to, da prepu\u0161\u010dajo svetlobo, delujejo popolnoma naravno in jih je nemogo\u010de razlikovati od naravnih zob. Izrazito popularne in skorajda neizogibne so v svetu slavnih, kjer so zaslu\u017ene za ve\u010dino \u201cholywoodskih nasmehov\u201d.<\/p>\n<p>Talent in znanje zobnega tehnika sta klju\u010dna za lepoto Va\u0161ih zobnih lusk, zato \u0160kodaDENT sodeluje samo z izbranimi, ki pri svojem delu temeljijo na kontinuiranem izobra\u017eevanju, uporabi najbolj\u0161ih materialov in nenehnemu iskanju estetske popolnosti.<\/p>\n<p>[\/et_pb_text][\/et_pb_column][et_pb_column type=&#8221;1_2&#8243; _builder_version=&#8221;3.25&#8243; custom_padding=&#8221;|||&#8221; _i=&#8221;1&#8243; _address=&#8221;1.0.1&#8243; custom_padding__hover=&#8221;|||&#8221;][et_pb_text _builder_version=&#8221;3.29.1&#8243; background_size=&#8221;initial&#8221; background_position=&#8221;top_left&#8221; background_repeat=&#8221;repeat&#8221; hover_enabled=&#8221;0&#8243; use_border_color=&#8221;off&#8221; border_color=&#8221;#ffffff&#8221; border_style=&#8221;solid&#8221; _i=&#8221;0&#8243; _address=&#8221;1.0.1.0&#8243;]<\/p>\n<h2 class=\"dc_headline\" style=\"margin-left: 0;\">KAK\u0160EN JE POSTOPEK IZDELAVE ZOBNIH LUSK?<\/h2>\n<p>Postopek se za\u010dne z bru\u0161enjem zelo tankega sloja sklenine, ki jo bo zamenjala zobna luska. V kolikor obstajajo ve\u010dje nepravilnosti v polo\u017eaju zoba, obse\u017ene zalivke ali zobna gniloba (karies), se slednje odstrani ter se pri istem obisku vzame odtis zob in izdela se za\u010dasna luska. Zobni tehnik na osnovi odtisa izdela lusko, ki se pri naslednjem obisku pri\u010dvrsti na zob. Postopek je nebole\u010d in je najpogosteje kon\u010dan po samo dveh obiskih. Zobne luske so odporne na obarvanja od kave, \u010daja, vina ali cigaret ter dolgotrajno zagotavljajo sve\u017e in privla\u010den nasmeh.<\/p>\n<p>[\/et_pb_text][et_pb_text _builder_version=&#8221;3.27.4&#8243; background_size=&#8221;initial&#8221; background_position=&#8221;top_left&#8221; background_repeat=&#8221;repeat&#8221; use_border_color=&#8221;off&#8221; border_color=&#8221;#ffffff&#8221; border_style=&#8221;solid&#8221; _i=&#8221;1&#8243; _address=&#8221;1.0.1.1&#8243;]<\/p>\n<h3 class=\"dc_headline\" style=\"margin-left: 0;\">KAJ JE \u201cSMILE DESIGN\u201d?<\/h3>\n<p>Za vsak obraz obstaja nasmeh, ki mu idealno pristoji, znanost pa je odkrila zakonitosti, s pomo\u010djo katerih ga je mogo\u010de oblikovati.<\/p>\n<p>Smile design ali oblikovanje nasmeha je pojem, ki se uporablja v moderni estetski stomatologiji in zajema kombinacijo profesionalnega beljenja zob, izdelavo kerami\u010dnih lusk, korekcijo oblike dlesni, vgradnjo implantatov itd., vse to z namenom doseganja Va\u0161ega popolnega nasmeha.<\/p>\n<p>V \u0160kodadentu mnogo vlagamo v znanje in tehnologijo, kar nam omogo\u010da, da Vam lahko ponudimo kar najvi\u0161je mo\u017ene storitve.<\/p>\n<p>[\/et_pb_text][\/et_pb_column][\/et_pb_row][et_pb_row _builder_version=&#8221;3.25&#8243; _i=&#8221;1&#8243; _address=&#8221;1.1&#8243;][et_pb_column type=&#8221;4_4&#8243; _builder_version=&#8221;3.25&#8243; custom_padding=&#8221;|||&#8221; _i=&#8221;0&#8243; _address=&#8221;1.1.0&#8243; custom_padding__hover=&#8221;|||&#8221;][et_pb_gallery gallery_ids=&#8221;3344,3313,3346,3282&#8243; show_title_and_caption=&#8221;off&#8221; show_pagination=&#8221;off&#8221; _builder_version=&#8221;3.22.6&#8243; _i=&#8221;0&#8243; _address=&#8221;1.1.0.0&#8243;][\/et_pb_gallery][\/et_pb_column][\/et_pb_row][\/et_pb_section][et_pb_section fb_built=&#8221;1&#8243; custom_padding_last_edited=&#8221;on|desktop&#8221; _builder_version=&#8221;3.22.4&#8243; background_color=&#8221;#f5f5f5&#8243; custom_padding_tablet=&#8221;50px|0|50px|0&#8243; transparent_background=&#8221;off&#8221; padding_mobile=&#8221;off&#8221; fb_built=&#8221;1&#8243; _i=&#8221;2&#8243; _address=&#8221;2&#8243;][et_pb_row padding_mobile=&#8221;off&#8221; column_padding_mobile=&#8221;on&#8221; _builder_version=&#8221;3.25&#8243; background_size=&#8221;initial&#8221; background_position=&#8221;top_left&#8221; background_repeat=&#8221;repeat&#8221; width_last_edited=&#8221;on|desktop&#8221; max_width_last_edited=&#8221;off|desktop&#8221; _i=&#8221;0&#8243; _address=&#8221;2.0&#8243;][et_pb_column type=&#8221;4_4&#8243; _builder_version=&#8221;3.25&#8243; custom_padding=&#8221;|||&#8221; _i=&#8221;0&#8243; _address=&#8221;2.0.0&#8243; custom_padding__hover=&#8221;|||&#8221;][et_pb_text _builder_version=&#8221;3.27.4&#8243; text_font=&#8221;Bree Serif||||&#8221; text_font_size=&#8221;45&#8243; background_size=&#8221;initial&#8221; background_position=&#8221;top_left&#8221; background_repeat=&#8221;repeat&#8221; use_border_color=&#8221;off&#8221; border_color=&#8221;#ffffff&#8221; border_style=&#8221;solid&#8221; saved_tabs=&#8221;all&#8221; _i=&#8221;0&#8243; _address=&#8221;2.0.0.0&#8243;]<\/p>\n<h2 class=\"dc_headline\" style=\"margin-left: 0;\">IMA\u0160 VPRA\u0160ANJE? TUKAJ SMO!<\/h2>\n<p>[\/et_pb_text][et_pb_code _i=&#8221;1&#8243; _address=&#8221;2.0.0.1&#8243;]\n<div class=\"wpcf7 no-js\" id=\"wpcf7-f218809-o1\" lang=\"sl-SI\" dir=\"ltr\" data-wpcf7-id=\"218809\">\n<div class=\"screen-reader-response\"><p role=\"status\" aria-live=\"polite\" aria-atomic=\"true\"><\/p> <ul><\/ul><\/div>\n<form action=\"\/sl\/wp-json\/wp\/v2\/pages\/2497#wpcf7-f218809-o1\" method=\"post\" class=\"wpcf7-form init wpcf7-acceptance-as-validation\" aria-label=\"Contact form\" enctype=\"multipart\/form-data\" novalidate=\"novalidate\" data-status=\"init\">\n<fieldset class=\"hidden-fields-container\"><input type=\"hidden\" name=\"_wpcf7\" value=\"218809\" \/><input type=\"hidden\" name=\"_wpcf7_version\" value=\"6.1.5\" \/><input type=\"hidden\" name=\"_wpcf7_locale\" value=\"sl_SI\" \/><input type=\"hidden\" name=\"_wpcf7_unit_tag\" value=\"wpcf7-f218809-o1\" \/><input type=\"hidden\" name=\"_wpcf7_container_post\" value=\"0\" \/><input type=\"hidden\" name=\"_wpcf7_posted_data_hash\" value=\"\" \/><input type=\"hidden\" name=\"_wpcf7_recaptcha_response\" value=\"\" \/>\n<\/fieldset>\n<p><script>\ndocument.addEventListener( 'wpcf7mailsent', function( event ) {\n location = 'https:\/\/skodadent.com\/sl\/hvala\/';\n}, false );\n<\/script>\n<\/p>\n<p class=\"dc_get_in_touch dc_contact_form_name_wrapper\"><span class=\"wpcf7-form-control-wrap\" data-name=\"your-name\"><input size=\"40\" maxlength=\"400\" class=\"wpcf7-form-control wpcf7-text wpcf7-validates-as-required\" aria-required=\"true\" aria-invalid=\"false\" placeholder=\"Ime*\" value=\"\" type=\"text\" name=\"your-name\" \/><\/span>\n<\/p>\n<p class=\"dc_get_in_touch dc_contact_form_name_wrapper\"><span class=\"wpcf7-form-control-wrap\" data-name=\"surname\"><input size=\"40\" maxlength=\"400\" class=\"wpcf7-form-control wpcf7-text wpcf7-validates-as-required\" aria-required=\"true\" aria-invalid=\"false\" placeholder=\"Priimek*\" value=\"\" type=\"text\" name=\"surname\" \/><\/span>\n<\/p>\n<p class=\"dc_get_in_touch dc_contact_form_email_wrapper\"><span class=\"wpcf7-form-control-wrap\" data-name=\"your-email\"><input size=\"40\" maxlength=\"400\" class=\"wpcf7-form-control wpcf7-email wpcf7-validates-as-required wpcf7-text wpcf7-validates-as-email\" aria-required=\"true\" aria-invalid=\"false\" placeholder=\"Email*\" value=\"\" type=\"email\" name=\"your-email\" \/><\/span>\n<\/p>\n<p class=\"dc_get_in_touch dc_contact_form_phone_wrapper\"><span class=\"wpcf7-form-control-wrap\" data-name=\"Contactnumber\"><input size=\"40\" maxlength=\"400\" class=\"wpcf7-form-control wpcf7-tel wpcf7-validates-as-required wpcf7-text wpcf7-validates-as-tel\" aria-required=\"true\" aria-invalid=\"false\" placeholder=\"Telefon*\" value=\"\" type=\"tel\" name=\"Contactnumber\" \/><\/span>\n<\/p>\n<p class=\"dc_get_in_touch dc_contact_form_subject_wrapper\"><span class=\"wpcf7-form-control-wrap\" data-name=\"your-subject\"><input size=\"40\" maxlength=\"400\" class=\"wpcf7-form-control wpcf7-text\" aria-invalid=\"false\" placeholder=\"Predmet\" value=\"\" type=\"text\" name=\"your-subject\" \/><\/span>\n<\/p>\n<p class=\"dc_get_in_touch dc_contact_form_textarea_wrapper\"><span class=\"wpcf7-form-control-wrap\" data-name=\"your-message\"><textarea cols=\"40\" rows=\"10\" maxlength=\"2000\" class=\"wpcf7-form-control wpcf7-textarea\" aria-invalid=\"false\" placeholder=\"Sporo\u010dilo\" name=\"your-message\"><\/textarea><\/span>\n<\/p>\n<p><span class=\"wpcf7-form-control-wrap\" data-name=\"acceptance-941\"><span class=\"wpcf7-form-control wpcf7-acceptance\"><span class=\"wpcf7-list-item\"><label><input type=\"checkbox\" name=\"acceptance-941\" value=\"1\" aria-invalid=\"false\" \/><span class=\"wpcf7-list-item-label\">Strinjam s <a href= \"\/izjava-o-zastiti-privatnosti\">Splo\u0161nimi pogoji poslovanja<\/a>*<\/span><\/label><\/span><\/span><\/span><br \/>\n<span class=\"wpcf7-form-control-wrap\" data-name=\"acceptance-411\"><span class=\"wpcf7-form-control wpcf7-acceptance optional\"><span class=\"wpcf7-list-item\"><label><input type=\"checkbox\" name=\"acceptance-411\" value=\"1\" aria-invalid=\"false\" \/><span class=\"wpcf7-list-item-label\">\u017delim prejemati novice o akcijah.<\/span><\/label><\/span><\/span><\/span>\n<\/p>\n<p><span class=\"wpcf7-form-control-wrap\" data-name=\"file-143\"><input size=\"40\" class=\"wpcf7-form-control wpcf7-file\" accept=\"audio\/*,video\/*,image\/*\" aria-invalid=\"false\" type=\"file\" name=\"file-143\" \/><\/span>\n<\/p>\n\n<p class=\"dc_get_in_touch_submit dc_contact_form_submit_wrapper\"><input class=\"wpcf7-form-control wpcf7-submit has-spinner\" type=\"submit\" value=\"Po\u0161lji\" \/>\n<\/p><p style=\"display: none !important;\" class=\"akismet-fields-container\" data-prefix=\"_wpcf7_ak_\"><label>&#916;<textarea name=\"_wpcf7_ak_hp_textarea\" cols=\"45\" rows=\"8\" maxlength=\"100\"><\/textarea><\/label><input type=\"hidden\" id=\"ak_js_1\" name=\"_wpcf7_ak_js\" value=\"6\"\/><script>document.getElementById( \"ak_js_1\" ).setAttribute( \"value\", ( new Date() ).getTime() );<\/script><\/p><div class=\"wpcf7-response-output\" aria-hidden=\"true\"><\/div>\n<\/form>\n<\/div>\n[\/et_pb_code][\/et_pb_column][\/et_pb_row][\/et_pb_section]<\/p>\n","protected":false},"excerpt":{"rendered":"<p>Luske ( veneers ) so izrazito tanki nadomestki, izdelani iz \u010diste keramike. Pri\u010dvrstijo se na sprednjo povr\u0161ino zoba in slu\u017eijo za korekcijo barve in oblik. <\/p>\n","protected":false},"author":8,"featured_media":3949,"parent":0,"menu_order":0,"comment_status":"open","ping_status":"closed","template":"","meta":{"_seopress_robots_primary_cat":"","_seopress_titles_title":"zobne luske","_seopress_titles_desc":"Luske ( veneers ) so izrazito tanki nadomestki, izdelani iz \u010diste keramike. Pri\u010dvrstijo se na sprednjo povr\u0161ino zoba in slu\u017eijo za korekcijo barve in oblik. ","_seopress_robots_index":"","_et_pb_use_builder":"on","_et_pb_old_content":"","_et_gb_content_width":"","footnotes":""},"class_list":["post-2497","page","type-page","status-publish","has-post-thumbnail","hentry"],"_links":{"self":[{"href":"https:\/\/skodadent.com\/sl\/wp-json\/wp\/v2\/pages\/2497","targetHints":{"allow":["GET"]}}],"collection":[{"href":"https:\/\/skodadent.com\/sl\/wp-json\/wp\/v2\/pages"}],"about":[{"href":"https:\/\/skodadent.com\/sl\/wp-json\/wp\/v2\/types\/page"}],"author":[{"embeddable":true,"href":"https:\/\/skodadent.com\/sl\/wp-json\/wp\/v2\/users\/8"}],"replies":[{"embeddable":true,"href":"https:\/\/skodadent.com\/sl\/wp-json\/wp\/v2\/comments?post=2497"}],"version-history":[{"count":0,"href":"https:\/\/skodadent.com\/sl\/wp-json\/wp\/v2\/pages\/2497\/revisions"}],"wp:featuredmedia":[{"embeddable":true,"href":"https:\/\/skodadent.com\/sl\/wp-json\/wp\/v2\/media\/3949"}],"wp:attachment":[{"href":"https:\/\/skodadent.com\/sl\/wp-json\/wp\/v2\/media?parent=2497"}],"curies":[{"name":"wp","href":"https:\/\/api.w.org\/{rel}","templated":true}]}}